{"id":793,"date":"2025-06-27T10:48:35","date_gmt":"2025-06-27T10:48:35","guid":{"rendered":"https:\/\/scandisleep.bg\/?post_type=product&#038;p=793"},"modified":"2025-11-07T10:39:35","modified_gmt":"2025-11-07T10:39:35","slug":"matrak-scandi-sleep","status":"publish","type":"product","link":"https:\/\/scandisleep.bg\/es\/producto\/matrak-scandi-sleep\/","title":{"rendered":"Colch\u00f3n ScandiSleep"},"content":{"rendered":"<h3>Colch\u00f3n b\u00e1sico ScandiSleep - comodidad individual para cada cuerpo<\/h3>\n<p><strong>Materiales seleccionados, calidad certificada, est\u00e1ndar escandinavo<\/strong><\/p>\n<p class=\"translation-block\">Los colchones <strong>ScandiSleep<\/strong> est\u00e1n dise\u00f1ados para ofrecer un soporte personalizado y una comodidad del sue\u00f1o \u00f3ptima. Con una altura de <strong>21 cm<\/strong>, cada modelo combina funcionalidad, durabilidad y materiales de alta calidad, siendo aptos tanto para camas motorizadas como para camas convencionales.<\/p>\n<h3>Tres opciones de dureza y construcci\u00f3n:<\/h3>\n<p><strong>Suave a medio<\/strong><\/p>\n<ul>\n<li class=\"translation-block\">Fabricado en espuma de <strong>alta calidad<\/strong> que combina dos niveles de firmeza<\/li>\n<li>Adecuado para personas que buscan suavidad con una estructura de soporte<\/li>\n<li>Se adapta a los contornos del cuerpo para una sensaci\u00f3n de confort envolvente<\/li>\n<\/ul>\n<p><strong>Medio a firme<\/strong><\/p>\n<ul>\n<li class=\"translation-block\">Capa de espuma <strong>el\u00e1stica<\/strong> con una <strong>capa superior adicional de l\u00e1tex<\/strong><\/li>\n<li>Proporciona mayor soporte y ligera elasticidad<\/li>\n<li>Ideal para quienes duermen boca arriba o boca abajo y necesitan estabilidad<\/li>\n<\/ul>\n<p><strong>Pocket form\/ De muelles con espuma<\/strong><\/p>\n<ul>\n<li class=\"translation-block\">Un n\u00facleo de muelles ensacados envueltos individualmente que brindan soporte independiente<\/li>\n<li class=\"translation-block\">Sobre ellos - una capa de <strong>espuma de alta calidad<\/strong> que aporta suavidad y controla la presi\u00f3n<\/li>\n<li>Recomendado cuando se busca una buena ventilaci\u00f3n y soporte din\u00e1mico<\/li>\n<\/ul>\n<p class=\"translation-block\">Todas las opciones cuentan con <strong>certificaci\u00f3n OEKO-TEX\u00ae<\/strong>, absorben la humedad y son aptas para pieles sensibles. Fabricadas seg\u00fan las normas CE, ISO y EFSC.<\/p>\n<p><strong>Dimensiones opcionales:<br \/>\n<\/strong>Anchura: 80 \/ 90 \/ 120 \/ 140 \/ 160 \/ 180 cm<br \/>\nLongitud: 200, 210 and 220 cm<br \/>\nAltura: 21 cm<\/p>","protected":false},"excerpt":{"rendered":"<p>\u041e\u0441\u043d\u043e\u0432\u0435\u043d \u043c\u0430\u0442\u0440\u0430\u043a ScandiSleep \u2013 \u0438\u043d\u0434\u0438\u0432\u0438\u0434\u0443\u0430\u043b\u0435\u043d \u043a\u043e\u043c\u0444\u043e\u0440\u0442 \u0437\u0430 \u0432\u0441\u044f\u043a\u043e \u0442\u044f\u043b\u043e \u041f\u043e\u0434\u0431\u0440\u0430\u043d\u0438 \u043c\u0430\u0442\u0435\u0440\u0438\u0430\u043b\u0438, \u0441\u0435\u0440\u0442\u0438\u0444\u0438\u0446\u0438\u0440\u0430\u043d\u043e \u043a\u0430\u0447\u0435\u0441\u0442\u0432\u043e, \u0441\u043a\u0430\u043d\u0434\u0438\u043d\u0430\u0432\u0441\u043a\u0438 \u0441\u0442\u0430\u043d\u0434\u0430\u0440\u0442 \u041c\u0430\u0442\u0440\u0430\u0446\u0438\u0442\u0435 ScandiSleep \u0441\u0430 \u0440\u0430\u0437\u0440\u0430\u0431\u043e\u0442\u0435\u043d\u0438 \u0441 \u043c\u0438\u0441\u044a\u043b \u0437\u0430 \u043f\u0435\u0440\u0441\u043e\u043d\u0430\u043b\u0438\u0437\u0438\u0440\u0430\u043d\u0430 \u043f\u043e\u0434\u0434\u0440\u044a\u0436\u043a\u0430 \u0438 \u043e\u043f\u0442\u0438\u043c\u0430\u043b\u043d\u043e \u0443\u0434\u043e\u0431\u0441\u0442\u0432\u043e \u043f\u043e \u0432\u0440\u0435\u043c\u0435 \u043d\u0430 \u0441\u044a\u043d. \u0421 \u0432\u0438\u0441\u043e\u0447\u0438\u043d\u0430 21 \u0441\u043c, \u0432\u0441\u0435\u043a\u0438 \u043c\u043e\u0434\u0435\u043b \u0441\u044a\u0447\u0435\u0442\u0430\u0432\u0430 \u0444\u0443\u043d\u043a\u0446\u0438\u043e\u043d\u0430\u043b\u043d\u043e\u0441\u0442, \u0434\u044a\u043b\u0433\u043e\u0442\u0440\u0430\u0439\u043d\u043e\u0441\u0442 \u0438 \u0432\u0438\u0441\u043e\u043a\u043e\u043a\u0430\u0447\u0435\u0441\u0442\u0432\u0435\u043d\u0438 \u043c\u0430\u0442\u0435\u0440\u0438\u0430\u043b\u0438, \u043f\u043e\u0434\u0445\u043e\u0434\u044f\u0449\u0438 \u043a\u0430\u043a\u0442\u043e \u0437\u0430 \u043c\u043e\u0442\u043e\u0440\u043d\u0438, \u0442\u0430\u043a\u0430 \u0438 \u0437\u0430 \u043e\u0431\u0438\u043a\u043d\u043e\u0432\u0435\u043d\u0438 \u043b\u0435\u0433\u043b\u0430. \u0422\u0440\u0438 \u0432\u0430\u0440\u0438\u0430\u043d\u0442\u0430 \u043d\u0430 [&hellip;]<\/p>","protected":false},"featured_media":794,"comment_status":"open","ping_status":"closed","template":"","meta":{"_acf_changed":false},"product_brand":[],"product_cat":[17],"product_tag":[],"class_list":{"0":"post-793","1":"product","2":"type-product","3":"status-publish","4":"has-post-thumbnail","6":"product_cat-matraczi","8":"first","9":"instock","10":"shipping-taxable","11":"purchasable","12":"product-type-variable","13":"has-default-attributes"},"acf":[],"yoast_head":"<!-- This site is optimized with the Yoast SEO plugin v25.9 - https:\/\/yoast.com\/wordpress\/plugins\/seo\/ -->\r\n<title>\u041c\u0430\u0442\u0440\u0430\u043a Scandi Sleep - Scandisleep<\/title>\r\n<meta name=\"robots\" content=\"index, follow, max-snippet:-1, max-image-preview:large, max-video-preview:-1\" \/>\r\n<link rel=\"canonical\" href=\"https:\/\/scandisleep.bg\/es\/producto\/matrak-scandi-sleep\/\" \/>\r\n<meta property=\"og:locale\" content=\"es_ES\" \/>\r\n<meta property=\"og:type\" content=\"article\" \/>\r\n<meta property=\"og:title\" content=\"\u041c\u0430\u0442\u0440\u0430\u043a Scandi Sleep - Scandisleep\" \/>\r\n<meta property=\"og:description\" content=\"\u041e\u0441\u043d\u043e\u0432\u0435\u043d \u043c\u0430\u0442\u0440\u0430\u043a ScandiSleep \u2013 \u0438\u043d\u0434\u0438\u0432\u0438\u0434\u0443\u0430\u043b\u0435\u043d \u043a\u043e\u043c\u0444\u043e\u0440\u0442 \u0437\u0430 \u0432\u0441\u044f\u043a\u043e \u0442\u044f\u043b\u043e \u041f\u043e\u0434\u0431\u0440\u0430\u043d\u0438 \u043c\u0430\u0442\u0435\u0440\u0438\u0430\u043b\u0438, \u0441\u0435\u0440\u0442\u0438\u0444\u0438\u0446\u0438\u0440\u0430\u043d\u043e \u043a\u0430\u0447\u0435\u0441\u0442\u0432\u043e, \u0441\u043a\u0430\u043d\u0434\u0438\u043d\u0430\u0432\u0441\u043a\u0438 \u0441\u0442\u0430\u043d\u0434\u0430\u0440\u0442 \u041c\u0430\u0442\u0440\u0430\u0446\u0438\u0442\u0435 ScandiSleep \u0441\u0430 \u0440\u0430\u0437\u0440\u0430\u0431\u043e\u0442\u0435\u043d\u0438 \u0441 \u043c\u0438\u0441\u044a\u043b \u0437\u0430 \u043f\u0435\u0440\u0441\u043e\u043d\u0430\u043b\u0438\u0437\u0438\u0440\u0430\u043d\u0430 \u043f\u043e\u0434\u0434\u0440\u044a\u0436\u043a\u0430 \u0438 \u043e\u043f\u0442\u0438\u043c\u0430\u043b\u043d\u043e \u0443\u0434\u043e\u0431\u0441\u0442\u0432\u043e \u043f\u043e \u0432\u0440\u0435\u043c\u0435 \u043d\u0430 \u0441\u044a\u043d. \u0421 \u0432\u0438\u0441\u043e\u0447\u0438\u043d\u0430 21 \u0441\u043c, \u0432\u0441\u0435\u043a\u0438 \u043c\u043e\u0434\u0435\u043b \u0441\u044a\u0447\u0435\u0442\u0430\u0432\u0430 \u0444\u0443\u043d\u043a\u0446\u0438\u043e\u043d\u0430\u043b\u043d\u043e\u0441\u0442, \u0434\u044a\u043b\u0433\u043e\u0442\u0440\u0430\u0439\u043d\u043e\u0441\u0442 \u0438 \u0432\u0438\u0441\u043e\u043a\u043e\u043a\u0430\u0447\u0435\u0441\u0442\u0432\u0435\u043d\u0438 \u043c\u0430\u0442\u0435\u0440\u0438\u0430\u043b\u0438, \u043f\u043e\u0434\u0445\u043e\u0434\u044f\u0449\u0438 \u043a\u0430\u043a\u0442\u043e \u0437\u0430 \u043c\u043e\u0442\u043e\u0440\u043d\u0438, \u0442\u0430\u043a\u0430 \u0438 \u0437\u0430 \u043e\u0431\u0438\u043a\u043d\u043e\u0432\u0435\u043d\u0438 \u043b\u0435\u0433\u043b\u0430. \u0422\u0440\u0438 \u0432\u0430\u0440\u0438\u0430\u043d\u0442\u0430 \u043d\u0430 [&hellip;]\" \/>\r\n<meta property=\"og:url\" content=\"https:\/\/scandisleep.bg\/es\/producto\/matrak-scandi-sleep\/\" \/>\r\n<meta property=\"og:site_name\" content=\"Scandisleep\" \/>\r\n<meta property=\"article:modified_time\" content=\"2025-11-07T10:39:35+00:00\" \/>\r\n<meta property=\"og:image\" content=\"https:\/\/scandisleep.bg\/wp-content\/uploads\/2025\/06\/mattress.webp\" \/>\r\n\t<meta property=\"og:image:width\" content=\"1920\" \/>\r\n\t<meta property=\"og:image:height\" content=\"906\" \/>\r\n\t<meta property=\"og:image:type\" content=\"image\/webp\" \/>\r\n<meta name=\"twitter:card\" content=\"summary_large_image\" \/>\r\n<meta name=\"twitter:label1\" content=\"Est. reading time\" \/>\n\t<meta name=\"twitter:data1\" content=\"2 minutos\" \/>\r\n<script type=\"application\/ld+json\" class=\"yoast-schema-graph\">{\"@context\":\"https:\/\/schema.org\",\"@graph\":[{\"@type\":\"WebPage\",\"@id\":\"https:\/\/scandisleep.bg\/produkt\/matrak-scandi-sleep\/\",\"url\":\"https:\/\/scandisleep.bg\/produkt\/matrak-scandi-sleep\/\",\"name\":\"\u041c\u0430\u0442\u0440\u0430\u043a Scandi Sleep - Scandisleep\",\"isPartOf\":{\"@id\":\"https:\/\/scandisleep.bg\/bg\/#website\"},\"primaryImageOfPage\":{\"@id\":\"https:\/\/scandisleep.bg\/produkt\/matrak-scandi-sleep\/#primaryimage\"},\"image\":{\"@id\":\"https:\/\/scandisleep.bg\/produkt\/matrak-scandi-sleep\/#primaryimage\"},\"thumbnailUrl\":\"https:\/\/scandisleep.bg\/wp-content\/uploads\/2025\/06\/mattress.webp\",\"datePublished\":\"2025-06-27T10:48:35+00:00\",\"dateModified\":\"2025-11-07T10:39:35+00:00\",\"breadcrumb\":{\"@id\":\"https:\/\/scandisleep.bg\/produkt\/matrak-scandi-sleep\/#breadcrumb\"},\"inLanguage\":\"es-CR\",\"potentialAction\":[{\"@type\":\"ReadAction\",\"target\":[\"https:\/\/scandisleep.bg\/produkt\/matrak-scandi-sleep\/\"]}]},{\"@type\":\"ImageObject\",\"inLanguage\":\"es-CR\",\"@id\":\"https:\/\/scandisleep.bg\/produkt\/matrak-scandi-sleep\/#primaryimage\",\"url\":\"https:\/\/scandisleep.bg\/wp-content\/uploads\/2025\/06\/mattress.webp\",\"contentUrl\":\"https:\/\/scandisleep.bg\/wp-content\/uploads\/2025\/06\/mattress.webp\",\"width\":1920,\"height\":906},{\"@type\":\"BreadcrumbList\",\"@id\":\"https:\/\/scandisleep.bg\/produkt\/matrak-scandi-sleep\/#breadcrumb\",\"itemListElement\":[{\"@type\":\"ListItem\",\"position\":1,\"name\":\"\u041d\u0430\u0447\u0430\u043b\u043e\",\"item\":\"https:\/\/scandisleep.bg\/\"},{\"@type\":\"ListItem\",\"position\":2,\"name\":\"\u041c\u0430\u0433\u0430\u0437\u0438\u043d\",\"item\":\"https:\/\/scandisleep.bg\/porachka\/\"},{\"@type\":\"ListItem\",\"position\":3,\"name\":\"\u041c\u0430\u0442\u0440\u0430\u043a Scandi Sleep\"}]},{\"@type\":\"WebSite\",\"@id\":\"https:\/\/scandisleep.bg\/bg\/#website\",\"url\":\"https:\/\/scandisleep.bg\/bg\/\",\"name\":\"Scandisleep\",\"description\":\"\",\"publisher\":{\"@id\":\"https:\/\/scandisleep.bg\/bg\/#organization\"},\"potentialAction\":[{\"@type\":\"SearchAction\",\"target\":{\"@type\":\"EntryPoint\",\"urlTemplate\":\"https:\/\/scandisleep.bg\/bg\/?s={search_term_string}\"},\"query-input\":{\"@type\":\"PropertyValueSpecification\",\"valueRequired\":true,\"valueName\":\"search_term_string\"}}],\"inLanguage\":\"es-CR\"},{\"@type\":\"Organization\",\"@id\":\"https:\/\/scandisleep.bg\/bg\/#organization\",\"name\":\"Scandisleep\",\"url\":\"https:\/\/scandisleep.bg\/bg\/\",\"logo\":{\"@type\":\"ImageObject\",\"inLanguage\":\"es-CR\",\"@id\":\"https:\/\/scandisleep.bg\/bg\/#\/schema\/logo\/image\/\",\"url\":\"https:\/\/scandisleep.bg\/wp-content\/uploads\/2024\/07\/scandisleep-logo.webp\",\"contentUrl\":\"https:\/\/scandisleep.bg\/wp-content\/uploads\/2024\/07\/scandisleep-logo.webp\",\"width\":209,\"height\":70,\"caption\":\"Scandisleep\"},\"image\":{\"@id\":\"https:\/\/scandisleep.bg\/bg\/#\/schema\/logo\/image\/\"}}]}<\/script>\r\n<!-- \/ Yoast SEO plugin. -->","yoast_head_json":{"title":"\u041c\u0430\u0442\u0440\u0430\u043a Scandi Sleep - Scandisleep","robots":{"index":"index","follow":"follow","max-snippet":"max-snippet:-1","max-image-preview":"max-image-preview:large","max-video-preview":"max-video-preview:-1"},"canonical":"https:\/\/scandisleep.bg\/es\/producto\/matrak-scandi-sleep\/","og_locale":"es_ES","og_type":"article","og_title":"\u041c\u0430\u0442\u0440\u0430\u043a Scandi Sleep - Scandisleep","og_description":"\u041e\u0441\u043d\u043e\u0432\u0435\u043d \u043c\u0430\u0442\u0440\u0430\u043a ScandiSleep \u2013 \u0438\u043d\u0434\u0438\u0432\u0438\u0434\u0443\u0430\u043b\u0435\u043d \u043a\u043e\u043c\u0444\u043e\u0440\u0442 \u0437\u0430 \u0432\u0441\u044f\u043a\u043e \u0442\u044f\u043b\u043e \u041f\u043e\u0434\u0431\u0440\u0430\u043d\u0438 \u043c\u0430\u0442\u0435\u0440\u0438\u0430\u043b\u0438, \u0441\u0435\u0440\u0442\u0438\u0444\u0438\u0446\u0438\u0440\u0430\u043d\u043e \u043a\u0430\u0447\u0435\u0441\u0442\u0432\u043e, \u0441\u043a\u0430\u043d\u0434\u0438\u043d\u0430\u0432\u0441\u043a\u0438 \u0441\u0442\u0430\u043d\u0434\u0430\u0440\u0442 \u041c\u0430\u0442\u0440\u0430\u0446\u0438\u0442\u0435 ScandiSleep \u0441\u0430 \u0440\u0430\u0437\u0440\u0430\u0431\u043e\u0442\u0435\u043d\u0438 \u0441 \u043c\u0438\u0441\u044a\u043b \u0437\u0430 \u043f\u0435\u0440\u0441\u043e\u043d\u0430\u043b\u0438\u0437\u0438\u0440\u0430\u043d\u0430 \u043f\u043e\u0434\u0434\u0440\u044a\u0436\u043a\u0430 \u0438 \u043e\u043f\u0442\u0438\u043c\u0430\u043b\u043d\u043e \u0443\u0434\u043e\u0431\u0441\u0442\u0432\u043e \u043f\u043e \u0432\u0440\u0435\u043c\u0435 \u043d\u0430 \u0441\u044a\u043d. \u0421 \u0432\u0438\u0441\u043e\u0447\u0438\u043d\u0430 21 \u0441\u043c, \u0432\u0441\u0435\u043a\u0438 \u043c\u043e\u0434\u0435\u043b \u0441\u044a\u0447\u0435\u0442\u0430\u0432\u0430 \u0444\u0443\u043d\u043a\u0446\u0438\u043e\u043d\u0430\u043b\u043d\u043e\u0441\u0442, \u0434\u044a\u043b\u0433\u043e\u0442\u0440\u0430\u0439\u043d\u043e\u0441\u0442 \u0438 \u0432\u0438\u0441\u043e\u043a\u043e\u043a\u0430\u0447\u0435\u0441\u0442\u0432\u0435\u043d\u0438 \u043c\u0430\u0442\u0435\u0440\u0438\u0430\u043b\u0438, \u043f\u043e\u0434\u0445\u043e\u0434\u044f\u0449\u0438 \u043a\u0430\u043a\u0442\u043e \u0437\u0430 \u043c\u043e\u0442\u043e\u0440\u043d\u0438, \u0442\u0430\u043a\u0430 \u0438 \u0437\u0430 \u043e\u0431\u0438\u043a\u043d\u043e\u0432\u0435\u043d\u0438 \u043b\u0435\u0433\u043b\u0430. \u0422\u0440\u0438 \u0432\u0430\u0440\u0438\u0430\u043d\u0442\u0430 \u043d\u0430 [&hellip;]","og_url":"https:\/\/scandisleep.bg\/es\/producto\/matrak-scandi-sleep\/","og_site_name":"Scandisleep","article_modified_time":"2025-11-07T10:39:35+00:00","og_image":[{"width":1920,"height":906,"url":"https:\/\/scandisleep.bg\/wp-content\/uploads\/2025\/06\/mattress.webp","type":"image\/webp"}],"twitter_card":"summary_large_image","twitter_misc":{"Est. reading time":"2 minutos"},"schema":{"@context":"https:\/\/schema.org","@graph":[{"@type":"WebPage","@id":"https:\/\/scandisleep.bg\/produkt\/matrak-scandi-sleep\/","url":"https:\/\/scandisleep.bg\/produkt\/matrak-scandi-sleep\/","name":"\u041c\u0430\u0442\u0440\u0430\u043a Scandi Sleep - Scandisleep","isPartOf":{"@id":"https:\/\/scandisleep.bg\/bg\/#website"},"primaryImageOfPage":{"@id":"https:\/\/scandisleep.bg\/produkt\/matrak-scandi-sleep\/#primaryimage"},"image":{"@id":"https:\/\/scandisleep.bg\/produkt\/matrak-scandi-sleep\/#primaryimage"},"thumbnailUrl":"https:\/\/scandisleep.bg\/wp-content\/uploads\/2025\/06\/mattress.webp","datePublished":"2025-06-27T10:48:35+00:00","dateModified":"2025-11-07T10:39:35+00:00","breadcrumb":{"@id":"https:\/\/scandisleep.bg\/produkt\/matrak-scandi-sleep\/#breadcrumb"},"inLanguage":"es-CR","potentialAction":[{"@type":"ReadAction","target":["https:\/\/scandisleep.bg\/produkt\/matrak-scandi-sleep\/"]}]},{"@type":"ImageObject","inLanguage":"es-CR","@id":"https:\/\/scandisleep.bg\/produkt\/matrak-scandi-sleep\/#primaryimage","url":"https:\/\/scandisleep.bg\/wp-content\/uploads\/2025\/06\/mattress.webp","contentUrl":"https:\/\/scandisleep.bg\/wp-content\/uploads\/2025\/06\/mattress.webp","width":1920,"height":906},{"@type":"BreadcrumbList","@id":"https:\/\/scandisleep.bg\/produkt\/matrak-scandi-sleep\/#breadcrumb","itemListElement":[{"@type":"ListItem","position":1,"name":"\u041d\u0430\u0447\u0430\u043b\u043e","item":"https:\/\/scandisleep.bg\/"},{"@type":"ListItem","position":2,"name":"\u041c\u0430\u0433\u0430\u0437\u0438\u043d","item":"https:\/\/scandisleep.bg\/porachka\/"},{"@type":"ListItem","position":3,"name":"\u041c\u0430\u0442\u0440\u0430\u043a Scandi Sleep"}]},{"@type":"WebSite","@id":"https:\/\/scandisleep.bg\/bg\/#website","url":"https:\/\/scandisleep.bg\/bg\/","name":"Scandisleep","description":"","publisher":{"@id":"https:\/\/scandisleep.bg\/bg\/#organization"},"potentialAction":[{"@type":"SearchAction","target":{"@type":"EntryPoint","urlTemplate":"https:\/\/scandisleep.bg\/bg\/?s={search_term_string}"},"query-input":{"@type":"PropertyValueSpecification","valueRequired":true,"valueName":"search_term_string"}}],"inLanguage":"es-CR"},{"@type":"Organization","@id":"https:\/\/scandisleep.bg\/bg\/#organization","name":"Scandisleep","url":"https:\/\/scandisleep.bg\/bg\/","logo":{"@type":"ImageObject","inLanguage":"es-CR","@id":"https:\/\/scandisleep.bg\/bg\/#\/schema\/logo\/image\/","url":"https:\/\/scandisleep.bg\/wp-content\/uploads\/2024\/07\/scandisleep-logo.webp","contentUrl":"https:\/\/scandisleep.bg\/wp-content\/uploads\/2024\/07\/scandisleep-logo.webp","width":209,"height":70,"caption":"Scandisleep"},"image":{"@id":"https:\/\/scandisleep.bg\/bg\/#\/schema\/logo\/image\/"}}]}},"_links":{"self":[{"href":"https:\/\/scandisleep.bg\/es\/wp-json\/wp\/v2\/product\/793","targetHints":{"allow":["GET"]}}],"collection":[{"href":"https:\/\/scandisleep.bg\/es\/wp-json\/wp\/v2\/product"}],"about":[{"href":"https:\/\/scandisleep.bg\/es\/wp-json\/wp\/v2\/types\/product"}],"replies":[{"embeddable":true,"href":"https:\/\/scandisleep.bg\/es\/wp-json\/wp\/v2\/comments?post=793"}],"wp:featuredmedia":[{"embeddable":true,"href":"https:\/\/scandisleep.bg\/es\/wp-json\/wp\/v2\/media\/794"}],"wp:attachment":[{"href":"https:\/\/scandisleep.bg\/es\/wp-json\/wp\/v2\/media?parent=793"}],"wp:term":[{"taxonomy":"product_brand","embeddable":true,"href":"https:\/\/scandisleep.bg\/es\/wp-json\/wp\/v2\/product_brand?post=793"},{"taxonomy":"product_cat","embeddable":true,"href":"https:\/\/scandisleep.bg\/es\/wp-json\/wp\/v2\/product_cat?post=793"},{"taxonomy":"product_tag","embeddable":true,"href":"https:\/\/scandisleep.bg\/es\/wp-json\/wp\/v2\/product_tag?post=793"}],"curies":[{"name":"wp","href":"https:\/\/api.w.org\/{rel}","templated":true}]}}