{"id":565,"date":"2025-06-03T07:46:27","date_gmt":"2025-06-03T07:46:27","guid":{"rendered":"https:\/\/scandisleep.bg\/?post_type=product&#038;p=565"},"modified":"2025-11-07T10:04:43","modified_gmt":"2025-11-07T10:04:43","slug":"bench-classic","status":"publish","type":"product","link":"https:\/\/scandisleep.bg\/es\/producto\/bench-classic\/","title":{"rendered":"Bench Classic"},"content":{"rendered":"<h3>Bench Classic - funcionalidad simplificada con un aspecto moderno<\/h3>\n<p class=\"translation-block\"><strong>Bench Classic<\/strong> es un banco elegante de silueta sofisticada y dise\u00f1o equilibrado, creado para complementar cualquier cama motorizada con estilo y comodidad.<\/p>\n<p><strong>Estructura met\u00e1lica y confort textil<\/strong><br \/>\nLa combinaci\u00f3n de una estructura met\u00e1lica negra y un asiento tapizado le da al Bench Classic un car\u00e1cter industrial y moderno. Las delicadas costuras decorativas aportan textura sin alterar las l\u00edneas simplificadas.<\/p>\n<p><strong>Tama\u00f1o ideal para dormitorios compactos<\/strong><br \/>\nBench Classic est\u00e1 disponible en el tama\u00f1o de 120 cm, lo que lo hace perfecto para el pie de cama de 120-160 y 180 cm de ancho, as\u00ed como para usarse como banco independiente en un pasillo o delante de un armario.<\/p>","protected":false},"excerpt":{"rendered":"<p>Bench Classic \u2013 \u0438\u0437\u0447\u0438\u0441\u0442\u0435\u043d\u0430 \u0444\u0443\u043d\u043a\u0446\u0438\u043e\u043d\u0430\u043b\u043d\u043e\u0441\u0442 \u0441 \u043c\u043e\u0434\u0435\u0440\u043d\u043e \u0438\u0437\u043b\u044a\u0447\u0432\u0430\u043d\u0435 Bench Classic \u0435 \u0435\u043b\u0435\u0433\u0430\u043d\u0442\u043d\u0430 \u043f\u0435\u0439\u043a\u0430 \u0441 \u0438\u0437\u0442\u044a\u043d\u0447\u0435\u043d \u0441\u0438\u043b\u0443\u0435\u0442 \u0438 \u0431\u0430\u043b\u0430\u043d\u0441\u0438\u0440\u0430\u043d \u0434\u0438\u0437\u0430\u0439\u043d, \u0441\u044a\u0437\u0434\u0430\u0434\u0435\u043d\u0430 \u0434\u0430 \u0434\u043e\u043f\u044a\u043b\u043d\u0438 \u0432\u0441\u044f\u043a\u043e \u043c\u043e\u0442\u043e\u0440\u0438\u0437\u0438\u0440\u0430\u043d\u043e \u043b\u0435\u0433\u043b\u043e \u0441\u044a\u0441 \u0441\u0442\u0438\u043b \u0438 \u0443\u0434\u043e\u0431\u0441\u0442\u0432\u043e. \u041c\u0435\u0442\u0430\u043b\u043d\u0430 \u0440\u0430\u043c\u043a\u0430 \u0438 \u0442\u0435\u043a\u0441\u0442\u0438\u043b\u0435\u043d \u043a\u043e\u043c\u0444\u043e\u0440\u0442 \u041a\u043e\u043c\u0431\u0438\u043d\u0430\u0446\u0438\u044f\u0442\u0430 \u043e\u0442 \u0447\u0435\u0440\u043d\u0430 \u043c\u0435\u0442\u0430\u043b\u043d\u0430 \u0440\u0430\u043c\u043a\u0430 \u0438 \u0442\u0430\u043f\u0438\u0446\u0438\u0440\u0430\u043d\u0430 \u0441\u0435\u0434\u0430\u043b\u043a\u0430 \u043f\u0440\u0438\u0434\u0430\u0432\u0430 \u043d\u0430 Bench Classic \u0438\u043d\u0434\u0443\u0441\u0442\u0440\u0438\u0430\u043b\u043d\u043e-\u043c\u043e\u0434\u0435\u0440\u0435\u043d \u0445\u0430\u0440\u0430\u043a\u0442\u0435\u0440. \u0414\u0435\u043b\u0438\u043a\u0430\u0442\u043d\u0438\u0442\u0435 \u0434\u0435\u043a\u043e\u0440\u0430\u0442\u0438\u0432\u043d\u0438 \u0448\u0435\u0432\u043e\u0432\u0435 \u0434\u043e\u0431\u0430\u0432\u044f\u0442 \u0442\u0435\u043a\u0441\u0442\u0443\u0440\u0430, \u0431\u0435\u0437 \u0434\u0430 [&hellip;]<\/p>","protected":false},"featured_media":566,"comment_status":"open","ping_status":"closed","template":"","meta":{"_acf_changed":false},"product_brand":[],"product_cat":[26],"product_tag":[],"class_list":{"0":"post-565","1":"product","2":"type-product","3":"status-publish","4":"has-post-thumbnail","6":"product_cat-pejki","8":"first","9":"instock","10":"shipping-taxable","11":"purchasable","12":"product-type-variable","13":"has-default-attributes"},"acf":[],"yoast_head":"<!-- This site is optimized with the Yoast SEO plugin v25.9 - https:\/\/yoast.com\/wordpress\/plugins\/seo\/ -->\r\n<title>Bench Classic - Scandisleep<\/title>\r\n<meta name=\"robots\" content=\"index, follow, max-snippet:-1, max-image-preview:large, max-video-preview:-1\" \/>\r\n<link rel=\"canonical\" href=\"https:\/\/scandisleep.bg\/es\/producto\/bench-classic\/\" \/>\r\n<meta property=\"og:locale\" content=\"es_ES\" \/>\r\n<meta property=\"og:type\" content=\"article\" \/>\r\n<meta property=\"og:title\" content=\"Bench Classic - Scandisleep\" \/>\r\n<meta property=\"og:description\" content=\"Bench Classic \u2013 \u0438\u0437\u0447\u0438\u0441\u0442\u0435\u043d\u0430 \u0444\u0443\u043d\u043a\u0446\u0438\u043e\u043d\u0430\u043b\u043d\u043e\u0441\u0442 \u0441 \u043c\u043e\u0434\u0435\u0440\u043d\u043e \u0438\u0437\u043b\u044a\u0447\u0432\u0430\u043d\u0435 Bench Classic \u0435 \u0435\u043b\u0435\u0433\u0430\u043d\u0442\u043d\u0430 \u043f\u0435\u0439\u043a\u0430 \u0441 \u0438\u0437\u0442\u044a\u043d\u0447\u0435\u043d \u0441\u0438\u043b\u0443\u0435\u0442 \u0438 \u0431\u0430\u043b\u0430\u043d\u0441\u0438\u0440\u0430\u043d \u0434\u0438\u0437\u0430\u0439\u043d, \u0441\u044a\u0437\u0434\u0430\u0434\u0435\u043d\u0430 \u0434\u0430 \u0434\u043e\u043f\u044a\u043b\u043d\u0438 \u0432\u0441\u044f\u043a\u043e \u043c\u043e\u0442\u043e\u0440\u0438\u0437\u0438\u0440\u0430\u043d\u043e \u043b\u0435\u0433\u043b\u043e \u0441\u044a\u0441 \u0441\u0442\u0438\u043b \u0438 \u0443\u0434\u043e\u0431\u0441\u0442\u0432\u043e. \u041c\u0435\u0442\u0430\u043b\u043d\u0430 \u0440\u0430\u043c\u043a\u0430 \u0438 \u0442\u0435\u043a\u0441\u0442\u0438\u043b\u0435\u043d \u043a\u043e\u043c\u0444\u043e\u0440\u0442 \u041a\u043e\u043c\u0431\u0438\u043d\u0430\u0446\u0438\u044f\u0442\u0430 \u043e\u0442 \u0447\u0435\u0440\u043d\u0430 \u043c\u0435\u0442\u0430\u043b\u043d\u0430 \u0440\u0430\u043c\u043a\u0430 \u0438 \u0442\u0430\u043f\u0438\u0446\u0438\u0440\u0430\u043d\u0430 \u0441\u0435\u0434\u0430\u043b\u043a\u0430 \u043f\u0440\u0438\u0434\u0430\u0432\u0430 \u043d\u0430 Bench Classic \u0438\u043d\u0434\u0443\u0441\u0442\u0440\u0438\u0430\u043b\u043d\u043e-\u043c\u043e\u0434\u0435\u0440\u0435\u043d \u0445\u0430\u0440\u0430\u043a\u0442\u0435\u0440. \u0414\u0435\u043b\u0438\u043a\u0430\u0442\u043d\u0438\u0442\u0435 \u0434\u0435\u043a\u043e\u0440\u0430\u0442\u0438\u0432\u043d\u0438 \u0448\u0435\u0432\u043e\u0432\u0435 \u0434\u043e\u0431\u0430\u0432\u044f\u0442 \u0442\u0435\u043a\u0441\u0442\u0443\u0440\u0430, \u0431\u0435\u0437 \u0434\u0430 [&hellip;]\" \/>\r\n<meta property=\"og:url\" content=\"https:\/\/scandisleep.bg\/es\/producto\/bench-classic\/\" \/>\r\n<meta property=\"og:site_name\" content=\"Scandisleep\" \/>\r\n<meta property=\"article:modified_time\" content=\"2025-11-07T10:04:43+00:00\" \/>\r\n<meta property=\"og:image\" content=\"https:\/\/scandisleep.bg\/wp-content\/uploads\/2025\/06\/bench-1.webp\" \/>\r\n\t<meta property=\"og:image:width\" content=\"1620\" \/>\r\n\t<meta property=\"og:image:height\" content=\"1080\" \/>\r\n\t<meta property=\"og:image:type\" content=\"image\/webp\" \/>\r\n<meta name=\"twitter:card\" content=\"summary_large_image\" \/>\r\n<meta name=\"twitter:label1\" content=\"Est. reading time\" \/>\n\t<meta name=\"twitter:data1\" content=\"1 minuto\" \/>\r\n<script type=\"application\/ld+json\" class=\"yoast-schema-graph\">{\"@context\":\"https:\/\/schema.org\",\"@graph\":[{\"@type\":\"WebPage\",\"@id\":\"https:\/\/scandisleep.bg\/produkt\/bench-classic\/\",\"url\":\"https:\/\/scandisleep.bg\/produkt\/bench-classic\/\",\"name\":\"Bench Classic - Scandisleep\",\"isPartOf\":{\"@id\":\"https:\/\/scandisleep.bg\/bg\/#website\"},\"primaryImageOfPage\":{\"@id\":\"https:\/\/scandisleep.bg\/produkt\/bench-classic\/#primaryimage\"},\"image\":{\"@id\":\"https:\/\/scandisleep.bg\/produkt\/bench-classic\/#primaryimage\"},\"thumbnailUrl\":\"https:\/\/scandisleep.bg\/wp-content\/uploads\/2025\/06\/bench-1.webp\",\"datePublished\":\"2025-06-03T07:46:27+00:00\",\"dateModified\":\"2025-11-07T10:04:43+00:00\",\"breadcrumb\":{\"@id\":\"https:\/\/scandisleep.bg\/produkt\/bench-classic\/#breadcrumb\"},\"inLanguage\":\"es-CR\",\"potentialAction\":[{\"@type\":\"ReadAction\",\"target\":[\"https:\/\/scandisleep.bg\/produkt\/bench-classic\/\"]}]},{\"@type\":\"ImageObject\",\"inLanguage\":\"es-CR\",\"@id\":\"https:\/\/scandisleep.bg\/produkt\/bench-classic\/#primaryimage\",\"url\":\"https:\/\/scandisleep.bg\/wp-content\/uploads\/2025\/06\/bench-1.webp\",\"contentUrl\":\"https:\/\/scandisleep.bg\/wp-content\/uploads\/2025\/06\/bench-1.webp\",\"width\":1620,\"height\":1080},{\"@type\":\"BreadcrumbList\",\"@id\":\"https:\/\/scandisleep.bg\/produkt\/bench-classic\/#breadcrumb\",\"itemListElement\":[{\"@type\":\"ListItem\",\"position\":1,\"name\":\"\u041d\u0430\u0447\u0430\u043b\u043e\",\"item\":\"https:\/\/scandisleep.bg\/\"},{\"@type\":\"ListItem\",\"position\":2,\"name\":\"\u041c\u0430\u0433\u0430\u0437\u0438\u043d\",\"item\":\"https:\/\/scandisleep.bg\/porachka\/\"},{\"@type\":\"ListItem\",\"position\":3,\"name\":\"Bench Classic\"}]},{\"@type\":\"WebSite\",\"@id\":\"https:\/\/scandisleep.bg\/bg\/#website\",\"url\":\"https:\/\/scandisleep.bg\/bg\/\",\"name\":\"Scandisleep\",\"description\":\"\",\"publisher\":{\"@id\":\"https:\/\/scandisleep.bg\/bg\/#organization\"},\"potentialAction\":[{\"@type\":\"SearchAction\",\"target\":{\"@type\":\"EntryPoint\",\"urlTemplate\":\"https:\/\/scandisleep.bg\/bg\/?s={search_term_string}\"},\"query-input\":{\"@type\":\"PropertyValueSpecification\",\"valueRequired\":true,\"valueName\":\"search_term_string\"}}],\"inLanguage\":\"es-CR\"},{\"@type\":\"Organization\",\"@id\":\"https:\/\/scandisleep.bg\/bg\/#organization\",\"name\":\"Scandisleep\",\"url\":\"https:\/\/scandisleep.bg\/bg\/\",\"logo\":{\"@type\":\"ImageObject\",\"inLanguage\":\"es-CR\",\"@id\":\"https:\/\/scandisleep.bg\/bg\/#\/schema\/logo\/image\/\",\"url\":\"https:\/\/scandisleep.bg\/wp-content\/uploads\/2024\/07\/scandisleep-logo.webp\",\"contentUrl\":\"https:\/\/scandisleep.bg\/wp-content\/uploads\/2024\/07\/scandisleep-logo.webp\",\"width\":209,\"height\":70,\"caption\":\"Scandisleep\"},\"image\":{\"@id\":\"https:\/\/scandisleep.bg\/bg\/#\/schema\/logo\/image\/\"}}]}<\/script>\r\n<!-- \/ Yoast SEO plugin. -->","yoast_head_json":{"title":"Bench Classic - Scandisleep","robots":{"index":"index","follow":"follow","max-snippet":"max-snippet:-1","max-image-preview":"max-image-preview:large","max-video-preview":"max-video-preview:-1"},"canonical":"https:\/\/scandisleep.bg\/es\/producto\/bench-classic\/","og_locale":"es_ES","og_type":"article","og_title":"Bench Classic - Scandisleep","og_description":"Bench Classic \u2013 \u0438\u0437\u0447\u0438\u0441\u0442\u0435\u043d\u0430 \u0444\u0443\u043d\u043a\u0446\u0438\u043e\u043d\u0430\u043b\u043d\u043e\u0441\u0442 \u0441 \u043c\u043e\u0434\u0435\u0440\u043d\u043e \u0438\u0437\u043b\u044a\u0447\u0432\u0430\u043d\u0435 Bench Classic \u0435 \u0435\u043b\u0435\u0433\u0430\u043d\u0442\u043d\u0430 \u043f\u0435\u0439\u043a\u0430 \u0441 \u0438\u0437\u0442\u044a\u043d\u0447\u0435\u043d \u0441\u0438\u043b\u0443\u0435\u0442 \u0438 \u0431\u0430\u043b\u0430\u043d\u0441\u0438\u0440\u0430\u043d \u0434\u0438\u0437\u0430\u0439\u043d, \u0441\u044a\u0437\u0434\u0430\u0434\u0435\u043d\u0430 \u0434\u0430 \u0434\u043e\u043f\u044a\u043b\u043d\u0438 \u0432\u0441\u044f\u043a\u043e \u043c\u043e\u0442\u043e\u0440\u0438\u0437\u0438\u0440\u0430\u043d\u043e \u043b\u0435\u0433\u043b\u043e \u0441\u044a\u0441 \u0441\u0442\u0438\u043b \u0438 \u0443\u0434\u043e\u0431\u0441\u0442\u0432\u043e. \u041c\u0435\u0442\u0430\u043b\u043d\u0430 \u0440\u0430\u043c\u043a\u0430 \u0438 \u0442\u0435\u043a\u0441\u0442\u0438\u043b\u0435\u043d \u043a\u043e\u043c\u0444\u043e\u0440\u0442 \u041a\u043e\u043c\u0431\u0438\u043d\u0430\u0446\u0438\u044f\u0442\u0430 \u043e\u0442 \u0447\u0435\u0440\u043d\u0430 \u043c\u0435\u0442\u0430\u043b\u043d\u0430 \u0440\u0430\u043c\u043a\u0430 \u0438 \u0442\u0430\u043f\u0438\u0446\u0438\u0440\u0430\u043d\u0430 \u0441\u0435\u0434\u0430\u043b\u043a\u0430 \u043f\u0440\u0438\u0434\u0430\u0432\u0430 \u043d\u0430 Bench Classic \u0438\u043d\u0434\u0443\u0441\u0442\u0440\u0438\u0430\u043b\u043d\u043e-\u043c\u043e\u0434\u0435\u0440\u0435\u043d \u0445\u0430\u0440\u0430\u043a\u0442\u0435\u0440. \u0414\u0435\u043b\u0438\u043a\u0430\u0442\u043d\u0438\u0442\u0435 \u0434\u0435\u043a\u043e\u0440\u0430\u0442\u0438\u0432\u043d\u0438 \u0448\u0435\u0432\u043e\u0432\u0435 \u0434\u043e\u0431\u0430\u0432\u044f\u0442 \u0442\u0435\u043a\u0441\u0442\u0443\u0440\u0430, \u0431\u0435\u0437 \u0434\u0430 [&hellip;]","og_url":"https:\/\/scandisleep.bg\/es\/producto\/bench-classic\/","og_site_name":"Scandisleep","article_modified_time":"2025-11-07T10:04:43+00:00","og_image":[{"width":1620,"height":1080,"url":"https:\/\/scandisleep.bg\/wp-content\/uploads\/2025\/06\/bench-1.webp","type":"image\/webp"}],"twitter_card":"summary_large_image","twitter_misc":{"Est. reading time":"1 minuto"},"schema":{"@context":"https:\/\/schema.org","@graph":[{"@type":"WebPage","@id":"https:\/\/scandisleep.bg\/produkt\/bench-classic\/","url":"https:\/\/scandisleep.bg\/produkt\/bench-classic\/","name":"Bench Classic - Scandisleep","isPartOf":{"@id":"https:\/\/scandisleep.bg\/bg\/#website"},"primaryImageOfPage":{"@id":"https:\/\/scandisleep.bg\/produkt\/bench-classic\/#primaryimage"},"image":{"@id":"https:\/\/scandisleep.bg\/produkt\/bench-classic\/#primaryimage"},"thumbnailUrl":"https:\/\/scandisleep.bg\/wp-content\/uploads\/2025\/06\/bench-1.webp","datePublished":"2025-06-03T07:46:27+00:00","dateModified":"2025-11-07T10:04:43+00:00","breadcrumb":{"@id":"https:\/\/scandisleep.bg\/produkt\/bench-classic\/#breadcrumb"},"inLanguage":"es-CR","potentialAction":[{"@type":"ReadAction","target":["https:\/\/scandisleep.bg\/produkt\/bench-classic\/"]}]},{"@type":"ImageObject","inLanguage":"es-CR","@id":"https:\/\/scandisleep.bg\/produkt\/bench-classic\/#primaryimage","url":"https:\/\/scandisleep.bg\/wp-content\/uploads\/2025\/06\/bench-1.webp","contentUrl":"https:\/\/scandisleep.bg\/wp-content\/uploads\/2025\/06\/bench-1.webp","width":1620,"height":1080},{"@type":"BreadcrumbList","@id":"https:\/\/scandisleep.bg\/produkt\/bench-classic\/#breadcrumb","itemListElement":[{"@type":"ListItem","position":1,"name":"\u041d\u0430\u0447\u0430\u043b\u043e","item":"https:\/\/scandisleep.bg\/"},{"@type":"ListItem","position":2,"name":"\u041c\u0430\u0433\u0430\u0437\u0438\u043d","item":"https:\/\/scandisleep.bg\/porachka\/"},{"@type":"ListItem","position":3,"name":"Bench Classic"}]},{"@type":"WebSite","@id":"https:\/\/scandisleep.bg\/bg\/#website","url":"https:\/\/scandisleep.bg\/bg\/","name":"Scandisleep","description":"","publisher":{"@id":"https:\/\/scandisleep.bg\/bg\/#organization"},"potentialAction":[{"@type":"SearchAction","target":{"@type":"EntryPoint","urlTemplate":"https:\/\/scandisleep.bg\/bg\/?s={search_term_string}"},"query-input":{"@type":"PropertyValueSpecification","valueRequired":true,"valueName":"search_term_string"}}],"inLanguage":"es-CR"},{"@type":"Organization","@id":"https:\/\/scandisleep.bg\/bg\/#organization","name":"Scandisleep","url":"https:\/\/scandisleep.bg\/bg\/","logo":{"@type":"ImageObject","inLanguage":"es-CR","@id":"https:\/\/scandisleep.bg\/bg\/#\/schema\/logo\/image\/","url":"https:\/\/scandisleep.bg\/wp-content\/uploads\/2024\/07\/scandisleep-logo.webp","contentUrl":"https:\/\/scandisleep.bg\/wp-content\/uploads\/2024\/07\/scandisleep-logo.webp","width":209,"height":70,"caption":"Scandisleep"},"image":{"@id":"https:\/\/scandisleep.bg\/bg\/#\/schema\/logo\/image\/"}}]}},"_links":{"self":[{"href":"https:\/\/scandisleep.bg\/es\/wp-json\/wp\/v2\/product\/565","targetHints":{"allow":["GET"]}}],"collection":[{"href":"https:\/\/scandisleep.bg\/es\/wp-json\/wp\/v2\/product"}],"about":[{"href":"https:\/\/scandisleep.bg\/es\/wp-json\/wp\/v2\/types\/product"}],"replies":[{"embeddable":true,"href":"https:\/\/scandisleep.bg\/es\/wp-json\/wp\/v2\/comments?post=565"}],"wp:featuredmedia":[{"embeddable":true,"href":"https:\/\/scandisleep.bg\/es\/wp-json\/wp\/v2\/media\/566"}],"wp:attachment":[{"href":"https:\/\/scandisleep.bg\/es\/wp-json\/wp\/v2\/media?parent=565"}],"wp:term":[{"taxonomy":"product_brand","embeddable":true,"href":"https:\/\/scandisleep.bg\/es\/wp-json\/wp\/v2\/product_brand?post=565"},{"taxonomy":"product_cat","embeddable":true,"href":"https:\/\/scandisleep.bg\/es\/wp-json\/wp\/v2\/product_cat?post=565"},{"taxonomy":"product_tag","embeddable":true,"href":"https:\/\/scandisleep.bg\/es\/wp-json\/wp\/v2\/product_tag?post=565"}],"curies":[{"name":"wp","href":"https:\/\/api.w.org\/{rel}","templated":true}]}}