{"id":560,"date":"2025-06-03T07:43:01","date_gmt":"2025-06-03T07:43:01","guid":{"rendered":"https:\/\/scandisleep.bg\/?post_type=product&#038;p=560"},"modified":"2025-11-07T10:07:46","modified_gmt":"2025-11-07T10:07:46","slug":"dd-puff","status":"publish","type":"product","link":"https:\/\/scandisleep.bg\/es\/producto\/dd-puff\/","title":{"rendered":"DD Puff"},"content":{"rendered":"<h3>DD Puff \u2013 minimalismo y suavidad en forma de c\u00e1psula<\/h3>\n<p class=\"translation-block\"><strong>DD Puff<\/strong> es un banco tapizado de silueta simplificada y <strong>forma de c\u00e1psula suave<\/strong> que aporta un car\u00e1cter org\u00e1nico y contempor\u00e1neo a cualquier espacio. Dise\u00f1ado \u00edntegramente para la comodidad del asiento, es el complemento perfecto para las camas de la colecci\u00f3n.<\/p>\n<p><strong>C\u00f3modo y ligero<\/strong><br \/>\nSin espacio de almacenamiento, el DD Puff est\u00e1 dise\u00f1ado para esos momentos en los que simplemente quieres sentarte c\u00f3modamente. Es perfecto para un dormitorio, una entrada o cualquier espacio que necesite un toque sutil.<\/p>\n<p><strong>Tapizado suave y curvas suaves<\/strong><br \/>\nEl tapizado es fino y elegante, y la silueta redondeada sin aristas crea una sensaci\u00f3n de suavidad y armon\u00eda. El banco se integra f\u00e1cilmente en interiores de estilo escandinavo, org\u00e1nico o minimalista.<\/p>\n<p><strong>Anchura: 1 metro<\/strong><br \/>\nEs ideal para colocar a los pies de la cama o como asiento independiente.<\/p>","protected":false},"excerpt":{"rendered":"<p>DD Puff \u2013 \u043c\u0438\u043d\u0438\u043c\u0430\u043b\u0438\u0437\u044a\u043c \u0438 \u043c\u0435\u043a\u043e\u0442\u0430 \u0432 \u043a\u0430\u043f\u0441\u0443\u043b\u043d\u0430 \u0444\u043e\u0440\u043c\u0430 DD Puff \u0435 \u0442\u0430\u043f\u0438\u0446\u0438\u0440\u0430\u043d\u0430 \u043f\u0435\u0439\u043a\u0430 \u0441 \u0438\u0437\u0447\u0438\u0441\u0442\u0435\u043d \u0441\u0438\u043b\u0443\u0435\u0442 \u0438 \u043c\u0435\u043a\u0430 \u043a\u0430\u043f\u0441\u0443\u043b\u043d\u0430 \u0444\u043e\u0440\u043c\u0430, \u043a\u043e\u044f\u0442\u043e \u043f\u0440\u0438\u0434\u0430\u0432\u0430 \u043e\u0440\u0433\u0430\u043d\u0438\u0447\u0435\u043d \u0438 \u0441\u044a\u0432\u0440\u0435\u043c\u0435\u043d\u0435\u043d \u0445\u0430\u0440\u0430\u043a\u0442\u0435\u0440 \u043d\u0430 \u0432\u0441\u044f\u043a\u043e \u043f\u0440\u043e\u0441\u0442\u0440\u0430\u043d\u0441\u0442\u0432\u043e. \u0421\u044a\u0437\u0434\u0430\u0434\u0435\u043d\u0430 \u0438\u0437\u0446\u044f\u043b\u043e \u0437\u0430 \u043a\u043e\u043c\u0444\u043e\u0440\u0442 \u043f\u0440\u0438 \u0441\u044f\u0434\u0430\u043d\u0435, \u0442\u044f \u0435 \u043f\u0435\u0440\u0444\u0435\u043a\u0442\u043d\u043e\u0442\u043e \u0434\u043e\u043f\u044a\u043b\u043d\u0435\u043d\u0438\u0435 \u043a\u044a\u043c \u043b\u0435\u0433\u043b\u0430\u0442\u0430 \u0432 \u043a\u043e\u043b\u0435\u043a\u0446\u0438\u044f\u0442\u0430. \u041a\u043e\u043c\u0444\u043e\u0440\u0442\u043d\u0430 \u0438 \u043b\u0435\u043a\u0430 \u0411\u0435\u0437 \u043c\u044f\u0441\u0442\u043e \u0437\u0430 \u0441\u044a\u0445\u0440\u0430\u043d\u0435\u043d\u0438\u0435, DD Puff \u0435 \u043f\u0440\u043e\u0435\u043a\u0442\u0438\u0440\u0430\u043d\u0430 [&hellip;]<\/p>","protected":false},"featured_media":561,"comment_status":"open","ping_status":"closed","template":"","meta":{"_acf_changed":false},"product_brand":[],"product_cat":[26],"product_tag":[],"class_list":{"0":"post-560","1":"product","2":"type-product","3":"status-publish","4":"has-post-thumbnail","6":"product_cat-pejki","8":"first","9":"instock","10":"shipping-taxable","11":"purchasable","12":"product-type-variable","13":"has-default-attributes"},"acf":[],"yoast_head":"<!-- This site is optimized with the Yoast SEO plugin v25.9 - https:\/\/yoast.com\/wordpress\/plugins\/seo\/ -->\r\n<title>DD Puff - Scandisleep<\/title>\r\n<meta name=\"robots\" content=\"index, follow, max-snippet:-1, max-image-preview:large, max-video-preview:-1\" \/>\r\n<link rel=\"canonical\" href=\"https:\/\/scandisleep.bg\/es\/producto\/dd-puff\/\" \/>\r\n<meta property=\"og:locale\" content=\"es_ES\" \/>\r\n<meta property=\"og:type\" content=\"article\" \/>\r\n<meta property=\"og:title\" content=\"DD Puff - Scandisleep\" \/>\r\n<meta property=\"og:description\" content=\"DD Puff \u2013 \u043c\u0438\u043d\u0438\u043c\u0430\u043b\u0438\u0437\u044a\u043c \u0438 \u043c\u0435\u043a\u043e\u0442\u0430 \u0432 \u043a\u0430\u043f\u0441\u0443\u043b\u043d\u0430 \u0444\u043e\u0440\u043c\u0430 DD Puff \u0435 \u0442\u0430\u043f\u0438\u0446\u0438\u0440\u0430\u043d\u0430 \u043f\u0435\u0439\u043a\u0430 \u0441 \u0438\u0437\u0447\u0438\u0441\u0442\u0435\u043d \u0441\u0438\u043b\u0443\u0435\u0442 \u0438 \u043c\u0435\u043a\u0430 \u043a\u0430\u043f\u0441\u0443\u043b\u043d\u0430 \u0444\u043e\u0440\u043c\u0430, \u043a\u043e\u044f\u0442\u043e \u043f\u0440\u0438\u0434\u0430\u0432\u0430 \u043e\u0440\u0433\u0430\u043d\u0438\u0447\u0435\u043d \u0438 \u0441\u044a\u0432\u0440\u0435\u043c\u0435\u043d\u0435\u043d \u0445\u0430\u0440\u0430\u043a\u0442\u0435\u0440 \u043d\u0430 \u0432\u0441\u044f\u043a\u043e \u043f\u0440\u043e\u0441\u0442\u0440\u0430\u043d\u0441\u0442\u0432\u043e. \u0421\u044a\u0437\u0434\u0430\u0434\u0435\u043d\u0430 \u0438\u0437\u0446\u044f\u043b\u043e \u0437\u0430 \u043a\u043e\u043c\u0444\u043e\u0440\u0442 \u043f\u0440\u0438 \u0441\u044f\u0434\u0430\u043d\u0435, \u0442\u044f \u0435 \u043f\u0435\u0440\u0444\u0435\u043a\u0442\u043d\u043e\u0442\u043e \u0434\u043e\u043f\u044a\u043b\u043d\u0435\u043d\u0438\u0435 \u043a\u044a\u043c \u043b\u0435\u0433\u043b\u0430\u0442\u0430 \u0432 \u043a\u043e\u043b\u0435\u043a\u0446\u0438\u044f\u0442\u0430. \u041a\u043e\u043c\u0444\u043e\u0440\u0442\u043d\u0430 \u0438 \u043b\u0435\u043a\u0430 \u0411\u0435\u0437 \u043c\u044f\u0441\u0442\u043e \u0437\u0430 \u0441\u044a\u0445\u0440\u0430\u043d\u0435\u043d\u0438\u0435, DD Puff \u0435 \u043f\u0440\u043e\u0435\u043a\u0442\u0438\u0440\u0430\u043d\u0430 [&hellip;]\" \/>\r\n<meta property=\"og:url\" content=\"https:\/\/scandisleep.bg\/es\/producto\/dd-puff\/\" \/>\r\n<meta property=\"og:site_name\" content=\"Scandisleep\" \/>\r\n<meta property=\"article:modified_time\" content=\"2025-11-07T10:07:46+00:00\" \/>\r\n<meta property=\"og:image\" content=\"https:\/\/scandisleep.bg\/wp-content\/uploads\/2025\/06\/dd-puff.webp\" \/>\r\n\t<meta property=\"og:image:width\" content=\"1676\" \/>\r\n\t<meta property=\"og:image:height\" content=\"1080\" \/>\r\n\t<meta property=\"og:image:type\" content=\"image\/webp\" \/>\r\n<meta name=\"twitter:card\" content=\"summary_large_image\" \/>\r\n<meta name=\"twitter:label1\" content=\"Est. reading time\" \/>\n\t<meta name=\"twitter:data1\" content=\"1 minuto\" \/>\r\n<script type=\"application\/ld+json\" class=\"yoast-schema-graph\">{\"@context\":\"https:\/\/schema.org\",\"@graph\":[{\"@type\":\"WebPage\",\"@id\":\"https:\/\/scandisleep.bg\/produkt\/dd-puff\/\",\"url\":\"https:\/\/scandisleep.bg\/produkt\/dd-puff\/\",\"name\":\"DD Puff - Scandisleep\",\"isPartOf\":{\"@id\":\"https:\/\/scandisleep.bg\/bg\/#website\"},\"primaryImageOfPage\":{\"@id\":\"https:\/\/scandisleep.bg\/produkt\/dd-puff\/#primaryimage\"},\"image\":{\"@id\":\"https:\/\/scandisleep.bg\/produkt\/dd-puff\/#primaryimage\"},\"thumbnailUrl\":\"https:\/\/scandisleep.bg\/wp-content\/uploads\/2025\/06\/dd-puff.webp\",\"datePublished\":\"2025-06-03T07:43:01+00:00\",\"dateModified\":\"2025-11-07T10:07:46+00:00\",\"breadcrumb\":{\"@id\":\"https:\/\/scandisleep.bg\/produkt\/dd-puff\/#breadcrumb\"},\"inLanguage\":\"es-CR\",\"potentialAction\":[{\"@type\":\"ReadAction\",\"target\":[\"https:\/\/scandisleep.bg\/produkt\/dd-puff\/\"]}]},{\"@type\":\"ImageObject\",\"inLanguage\":\"es-CR\",\"@id\":\"https:\/\/scandisleep.bg\/produkt\/dd-puff\/#primaryimage\",\"url\":\"https:\/\/scandisleep.bg\/wp-content\/uploads\/2025\/06\/dd-puff.webp\",\"contentUrl\":\"https:\/\/scandisleep.bg\/wp-content\/uploads\/2025\/06\/dd-puff.webp\",\"width\":1676,\"height\":1080},{\"@type\":\"BreadcrumbList\",\"@id\":\"https:\/\/scandisleep.bg\/produkt\/dd-puff\/#breadcrumb\",\"itemListElement\":[{\"@type\":\"ListItem\",\"position\":1,\"name\":\"\u041d\u0430\u0447\u0430\u043b\u043e\",\"item\":\"https:\/\/scandisleep.bg\/\"},{\"@type\":\"ListItem\",\"position\":2,\"name\":\"\u041c\u0430\u0433\u0430\u0437\u0438\u043d\",\"item\":\"https:\/\/scandisleep.bg\/porachka\/\"},{\"@type\":\"ListItem\",\"position\":3,\"name\":\"DD Puff\"}]},{\"@type\":\"WebSite\",\"@id\":\"https:\/\/scandisleep.bg\/bg\/#website\",\"url\":\"https:\/\/scandisleep.bg\/bg\/\",\"name\":\"Scandisleep\",\"description\":\"\",\"publisher\":{\"@id\":\"https:\/\/scandisleep.bg\/bg\/#organization\"},\"potentialAction\":[{\"@type\":\"SearchAction\",\"target\":{\"@type\":\"EntryPoint\",\"urlTemplate\":\"https:\/\/scandisleep.bg\/bg\/?s={search_term_string}\"},\"query-input\":{\"@type\":\"PropertyValueSpecification\",\"valueRequired\":true,\"valueName\":\"search_term_string\"}}],\"inLanguage\":\"es-CR\"},{\"@type\":\"Organization\",\"@id\":\"https:\/\/scandisleep.bg\/bg\/#organization\",\"name\":\"Scandisleep\",\"url\":\"https:\/\/scandisleep.bg\/bg\/\",\"logo\":{\"@type\":\"ImageObject\",\"inLanguage\":\"es-CR\",\"@id\":\"https:\/\/scandisleep.bg\/bg\/#\/schema\/logo\/image\/\",\"url\":\"https:\/\/scandisleep.bg\/wp-content\/uploads\/2024\/07\/scandisleep-logo.webp\",\"contentUrl\":\"https:\/\/scandisleep.bg\/wp-content\/uploads\/2024\/07\/scandisleep-logo.webp\",\"width\":209,\"height\":70,\"caption\":\"Scandisleep\"},\"image\":{\"@id\":\"https:\/\/scandisleep.bg\/bg\/#\/schema\/logo\/image\/\"}}]}<\/script>\r\n<!-- \/ Yoast SEO plugin. -->","yoast_head_json":{"title":"DD Puff - Scandisleep","robots":{"index":"index","follow":"follow","max-snippet":"max-snippet:-1","max-image-preview":"max-image-preview:large","max-video-preview":"max-video-preview:-1"},"canonical":"https:\/\/scandisleep.bg\/es\/producto\/dd-puff\/","og_locale":"es_ES","og_type":"article","og_title":"DD Puff - Scandisleep","og_description":"DD Puff \u2013 \u043c\u0438\u043d\u0438\u043c\u0430\u043b\u0438\u0437\u044a\u043c \u0438 \u043c\u0435\u043a\u043e\u0442\u0430 \u0432 \u043a\u0430\u043f\u0441\u0443\u043b\u043d\u0430 \u0444\u043e\u0440\u043c\u0430 DD Puff \u0435 \u0442\u0430\u043f\u0438\u0446\u0438\u0440\u0430\u043d\u0430 \u043f\u0435\u0439\u043a\u0430 \u0441 \u0438\u0437\u0447\u0438\u0441\u0442\u0435\u043d \u0441\u0438\u043b\u0443\u0435\u0442 \u0438 \u043c\u0435\u043a\u0430 \u043a\u0430\u043f\u0441\u0443\u043b\u043d\u0430 \u0444\u043e\u0440\u043c\u0430, \u043a\u043e\u044f\u0442\u043e \u043f\u0440\u0438\u0434\u0430\u0432\u0430 \u043e\u0440\u0433\u0430\u043d\u0438\u0447\u0435\u043d \u0438 \u0441\u044a\u0432\u0440\u0435\u043c\u0435\u043d\u0435\u043d \u0445\u0430\u0440\u0430\u043a\u0442\u0435\u0440 \u043d\u0430 \u0432\u0441\u044f\u043a\u043e \u043f\u0440\u043e\u0441\u0442\u0440\u0430\u043d\u0441\u0442\u0432\u043e. \u0421\u044a\u0437\u0434\u0430\u0434\u0435\u043d\u0430 \u0438\u0437\u0446\u044f\u043b\u043e \u0437\u0430 \u043a\u043e\u043c\u0444\u043e\u0440\u0442 \u043f\u0440\u0438 \u0441\u044f\u0434\u0430\u043d\u0435, \u0442\u044f \u0435 \u043f\u0435\u0440\u0444\u0435\u043a\u0442\u043d\u043e\u0442\u043e \u0434\u043e\u043f\u044a\u043b\u043d\u0435\u043d\u0438\u0435 \u043a\u044a\u043c \u043b\u0435\u0433\u043b\u0430\u0442\u0430 \u0432 \u043a\u043e\u043b\u0435\u043a\u0446\u0438\u044f\u0442\u0430. \u041a\u043e\u043c\u0444\u043e\u0440\u0442\u043d\u0430 \u0438 \u043b\u0435\u043a\u0430 \u0411\u0435\u0437 \u043c\u044f\u0441\u0442\u043e \u0437\u0430 \u0441\u044a\u0445\u0440\u0430\u043d\u0435\u043d\u0438\u0435, DD Puff \u0435 \u043f\u0440\u043e\u0435\u043a\u0442\u0438\u0440\u0430\u043d\u0430 [&hellip;]","og_url":"https:\/\/scandisleep.bg\/es\/producto\/dd-puff\/","og_site_name":"Scandisleep","article_modified_time":"2025-11-07T10:07:46+00:00","og_image":[{"width":1676,"height":1080,"url":"https:\/\/scandisleep.bg\/wp-content\/uploads\/2025\/06\/dd-puff.webp","type":"image\/webp"}],"twitter_card":"summary_large_image","twitter_misc":{"Est. reading time":"1 minuto"},"schema":{"@context":"https:\/\/schema.org","@graph":[{"@type":"WebPage","@id":"https:\/\/scandisleep.bg\/produkt\/dd-puff\/","url":"https:\/\/scandisleep.bg\/produkt\/dd-puff\/","name":"DD Puff - Scandisleep","isPartOf":{"@id":"https:\/\/scandisleep.bg\/bg\/#website"},"primaryImageOfPage":{"@id":"https:\/\/scandisleep.bg\/produkt\/dd-puff\/#primaryimage"},"image":{"@id":"https:\/\/scandisleep.bg\/produkt\/dd-puff\/#primaryimage"},"thumbnailUrl":"https:\/\/scandisleep.bg\/wp-content\/uploads\/2025\/06\/dd-puff.webp","datePublished":"2025-06-03T07:43:01+00:00","dateModified":"2025-11-07T10:07:46+00:00","breadcrumb":{"@id":"https:\/\/scandisleep.bg\/produkt\/dd-puff\/#breadcrumb"},"inLanguage":"es-CR","potentialAction":[{"@type":"ReadAction","target":["https:\/\/scandisleep.bg\/produkt\/dd-puff\/"]}]},{"@type":"ImageObject","inLanguage":"es-CR","@id":"https:\/\/scandisleep.bg\/produkt\/dd-puff\/#primaryimage","url":"https:\/\/scandisleep.bg\/wp-content\/uploads\/2025\/06\/dd-puff.webp","contentUrl":"https:\/\/scandisleep.bg\/wp-content\/uploads\/2025\/06\/dd-puff.webp","width":1676,"height":1080},{"@type":"BreadcrumbList","@id":"https:\/\/scandisleep.bg\/produkt\/dd-puff\/#breadcrumb","itemListElement":[{"@type":"ListItem","position":1,"name":"\u041d\u0430\u0447\u0430\u043b\u043e","item":"https:\/\/scandisleep.bg\/"},{"@type":"ListItem","position":2,"name":"\u041c\u0430\u0433\u0430\u0437\u0438\u043d","item":"https:\/\/scandisleep.bg\/porachka\/"},{"@type":"ListItem","position":3,"name":"DD Puff"}]},{"@type":"WebSite","@id":"https:\/\/scandisleep.bg\/bg\/#website","url":"https:\/\/scandisleep.bg\/bg\/","name":"Scandisleep","description":"","publisher":{"@id":"https:\/\/scandisleep.bg\/bg\/#organization"},"potentialAction":[{"@type":"SearchAction","target":{"@type":"EntryPoint","urlTemplate":"https:\/\/scandisleep.bg\/bg\/?s={search_term_string}"},"query-input":{"@type":"PropertyValueSpecification","valueRequired":true,"valueName":"search_term_string"}}],"inLanguage":"es-CR"},{"@type":"Organization","@id":"https:\/\/scandisleep.bg\/bg\/#organization","name":"Scandisleep","url":"https:\/\/scandisleep.bg\/bg\/","logo":{"@type":"ImageObject","inLanguage":"es-CR","@id":"https:\/\/scandisleep.bg\/bg\/#\/schema\/logo\/image\/","url":"https:\/\/scandisleep.bg\/wp-content\/uploads\/2024\/07\/scandisleep-logo.webp","contentUrl":"https:\/\/scandisleep.bg\/wp-content\/uploads\/2024\/07\/scandisleep-logo.webp","width":209,"height":70,"caption":"Scandisleep"},"image":{"@id":"https:\/\/scandisleep.bg\/bg\/#\/schema\/logo\/image\/"}}]}},"_links":{"self":[{"href":"https:\/\/scandisleep.bg\/es\/wp-json\/wp\/v2\/product\/560","targetHints":{"allow":["GET"]}}],"collection":[{"href":"https:\/\/scandisleep.bg\/es\/wp-json\/wp\/v2\/product"}],"about":[{"href":"https:\/\/scandisleep.bg\/es\/wp-json\/wp\/v2\/types\/product"}],"replies":[{"embeddable":true,"href":"https:\/\/scandisleep.bg\/es\/wp-json\/wp\/v2\/comments?post=560"}],"wp:featuredmedia":[{"embeddable":true,"href":"https:\/\/scandisleep.bg\/es\/wp-json\/wp\/v2\/media\/561"}],"wp:attachment":[{"href":"https:\/\/scandisleep.bg\/es\/wp-json\/wp\/v2\/media?parent=560"}],"wp:term":[{"taxonomy":"product_brand","embeddable":true,"href":"https:\/\/scandisleep.bg\/es\/wp-json\/wp\/v2\/product_brand?post=560"},{"taxonomy":"product_cat","embeddable":true,"href":"https:\/\/scandisleep.bg\/es\/wp-json\/wp\/v2\/product_cat?post=560"},{"taxonomy":"product_tag","embeddable":true,"href":"https:\/\/scandisleep.bg\/es\/wp-json\/wp\/v2\/product_tag?post=560"}],"curies":[{"name":"wp","href":"https:\/\/api.w.org\/{rel}","templated":true}]}}