{"id":505,"date":"2025-05-30T13:36:05","date_gmt":"2025-05-30T13:36:05","guid":{"rendered":"https:\/\/scandisleep.bg\/?post_type=product&#038;p=505"},"modified":"2025-11-07T11:40:31","modified_gmt":"2025-11-07T11:40:31","slug":"motorno-leglo-s-myasto-za-sahranenie-kopenhagen","status":"publish","type":"product","link":"https:\/\/scandisleep.bg\/es\/producto\/motorno-leglo-s-myasto-za-sahranenie-kopenhagen\/","title":{"rendered":"Cama articulada motorizada con espacio de almacenamiento Copenhagen"},"content":{"rendered":"<p class=\"translation-block\"><strong>Copenhagen<\/strong> es la personificaci\u00f3n definitiva del lujo en el hogar moderno - una cama motorizada dise\u00f1ada para personas con altas exigencias de comodidad, est\u00e9tica y durabilidad. Ideal para el hogar moderno, esta cama combina est\u00e9tica, tecnolog\u00eda y funcionalidad al m\u00e1ximo nivel.<\/p>\n<p class=\"translation-block\">La cama est\u00e1 equipada con los <strong>motores LINAK<\/strong> de eficacia probada en el mercado mundial -  silenciosos, potentes y fiables. Estos permiten un ajuste preciso de la inclinaci\u00f3n de la espalda, la cabeza y las piernas para una comodidad \u00f3ptima y una postura corporal correcta, adem\u00e1s de una discreta luz nocturna.<\/p>\n<p class=\"translation-block\">La base de cama y la estructura exterior son de <strong>madera maciza<\/strong>, lo que garantiza una resistencia excepcional y una larga vida \u00fatil. Esto no es solo una cama - es una inversi\u00f3n en comodidad sostenible. El espacio de almacenamiento integrado est\u00e1 hecho de <strong>aglomerado de 18 mm<\/strong>, reforzado con un marco <strong>de contrachapado<\/strong> y <strong>esquinas met\u00e1licas<\/strong>, que garantizan la resistencia y la estabilidad.<\/p>\n<p class=\"translation-block\">Con una capacidad de hasta <strong>50 kg<\/strong>, el espacio es ideal para mantas, almohadas y otros art\u00edculos voluminosos.<\/p>\n<p class=\"translation-block\"><strong>Posici\u00f3n de gravedad cero<\/strong> - inspirada de NASA, esta posici\u00f3n alivia la presi\u00f3n sobre el cuerpo, mejora la circulaci\u00f3n sangu\u00ednea y crea una sensaci\u00f3n de ingravidez.<\/p>\n<p><span style=\"text-decoration: underline;\"><strong>Las camas de matrimonio 160 y 180 cm est\u00e1n formadas por dos camas de 80 o 90 cm respectivamente.<\/strong><\/span><\/p>\n<p>Datos t\u00e9cnicos<br \/>\nAltura de la base (sin patas): 20 cm<br \/>\nDimensiones: 80 \/ 90 \/ 120 \/ 140 \/ 160 (2\u00d780) \/ 180 (2\u00d790) cm<br \/>\nLongitud: 200 cm, 210 cm o 220 cm<\/p>\n<p class=\"translation-block\"><strong>Iluminaci\u00f3n LED en el maletero<\/strong><br>\nLa iluminaci\u00f3n LED incorporada est\u00e1 discretamente ubicada <strong>dentro del espacio de almacenamiento<\/strong>, lo que proporciona una excelente visibilidad incluso en habitaciones oscuras. Esto facilita la organizaci\u00f3n y la b\u00fasqueda de art\u00edculos sin necesidad de iluminaci\u00f3n adicional. Eficiente energ\u00e9ticamente y pr\u00e1ctico: un peque\u00f1o pero importante a\u00f1adido funcional.<\/p>","protected":false},"excerpt":{"rendered":"<p>\u041a\u043e\u043f\u0435\u043d\u0445\u0430\u0433\u0435\u043d \u0435 \u0432\u044a\u0440\u0445\u043e\u0432\u043e\u0442\u043e \u0432\u044a\u043f\u043b\u044a\u0449\u0435\u043d\u0438\u0435 \u043d\u0430 \u0441\u044a\u0432\u0440\u0435\u043c\u0435\u043d\u043d\u0438\u044f \u0434\u043e\u043c\u0430\u0448\u0435\u043d \u043b\u0443\u043a\u0441 \u2013 \u043c\u043e\u0442\u043e\u0440\u0438\u0437\u0438\u0440\u0430\u043d\u043e \u043b\u0435\u0433\u043b\u043e,\u0441\u044a\u0437\u0434\u0430\u0434\u0435\u043d\u043e \u0437\u0430 \u0445\u043e\u0440\u0430 \u0441 \u0432\u0438\u0441\u043e\u043a\u0438 \u0438\u0437\u0438\u0441\u043a\u0432\u0430\u043d\u0438\u044f \u043a\u044a\u043c \u043a\u043e\u043c\u0444\u043e\u0440\u0442\u0430, \u0432\u0438\u0437\u0438\u044f\u0442\u0430 \u0438 \u0438\u0437\u0434\u0440\u044a\u0436\u043b\u0438\u0432\u043e\u0441\u0442\u0442\u0430. \u0418\u0434\u0435\u0430\u043b\u043d\u043e \u0437\u0430\u043c\u043e\u0434\u0435\u0440\u043d\u0438\u044f \u0434\u043e\u043c, \u0442\u043e\u0432\u0430 \u043b\u0435\u0433\u043b\u043e \u043e\u0431\u0435\u0434\u0438\u043d\u044f\u0432\u0430 \u0435\u0441\u0442\u0435\u0442\u0438\u043a\u0430, \u0442\u0435\u0445\u043d\u043e\u043b\u043e\u0433\u0438\u044f \u0438 \u0444\u0443\u043d\u043a\u0446\u0438\u043e\u043d\u0430\u043b\u043d\u043e\u0441\u0442 \u043d\u0430 \u043d\u0430\u0439-\u0432\u0438\u0441\u043e\u043a\u043e \u043d\u0438\u0432\u043e. \u041b\u0435\u0433\u043b\u043e\u0442\u043e \u0435 \u043e\u0431\u043e\u0440\u0443\u0434\u0432\u0430\u043d\u043e \u0441 \u0434\u043e\u043a\u0430\u0437\u0430\u043b\u0438\u0442\u0435 \u0441\u0435 \u043d\u0430 \u0441\u0432\u0435\u0442\u043e\u0432\u043d\u0438\u044f \u043f\u0430\u0437\u0430\u0440 \u043c\u043e\u0442\u043e\u0440\u0438 LINAK \u2013 \u0442\u0438\u0445\u0438, \u043c\u043e\u0449\u043d\u0438 \u0438\u043d\u0430\u0434\u0435\u0436\u0434\u043d\u0438. \u0422\u0435 \u043f\u043e\u0437\u0432\u043e\u043b\u044f\u0432\u0430\u0442 \u043f\u0440\u0435\u0446\u0438\u0437\u043d\u043e \u0440\u0435\u0433\u0443\u043b\u0438\u0440\u0430\u043d\u0435 \u043d\u0430 \u043d\u0430\u043a\u043b\u043e\u043d\u0430 [&hellip;]<\/p>","protected":false},"featured_media":506,"comment_status":"open","ping_status":"closed","template":"","meta":{"_acf_changed":false},"product_brand":[],"product_cat":[15],"product_tag":[],"class_list":{"0":"post-505","1":"product","2":"type-product","3":"status-publish","4":"has-post-thumbnail","6":"product_cat-motorni-legla","8":"first","9":"instock","10":"shipping-taxable","11":"purchasable","12":"product-type-variable","13":"has-default-attributes"},"acf":[],"yoast_head":"<!-- This site is optimized with the Yoast SEO plugin v25.9 - https:\/\/yoast.com\/wordpress\/plugins\/seo\/ -->\r\n<title>\u041c\u043e\u0442\u043e\u0440\u043d\u043e \u043b\u0435\u0433\u043b\u043e \u0441 \u043c\u044f\u0441\u0442\u043e \u0437\u0430 \u0441\u044a\u0445\u0440\u0430\u043d\u0435\u043d\u0438\u0435 \u041a\u043e\u043f\u0435\u043d\u0445\u0430\u0433\u0435\u043d - Scandisleep<\/title>\r\n<meta name=\"robots\" content=\"index, follow, max-snippet:-1, max-image-preview:large, max-video-preview:-1\" \/>\r\n<link rel=\"canonical\" href=\"https:\/\/scandisleep.bg\/es\/producto\/motorno-leglo-s-myasto-za-sahranenie-kopenhagen\/\" \/>\r\n<meta property=\"og:locale\" content=\"es_ES\" \/>\r\n<meta property=\"og:type\" content=\"article\" \/>\r\n<meta property=\"og:title\" content=\"\u041c\u043e\u0442\u043e\u0440\u043d\u043e \u043b\u0435\u0433\u043b\u043e \u0441 \u043c\u044f\u0441\u0442\u043e \u0437\u0430 \u0441\u044a\u0445\u0440\u0430\u043d\u0435\u043d\u0438\u0435 \u041a\u043e\u043f\u0435\u043d\u0445\u0430\u0433\u0435\u043d - Scandisleep\" \/>\r\n<meta property=\"og:description\" content=\"\u041a\u043e\u043f\u0435\u043d\u0445\u0430\u0433\u0435\u043d \u0435 \u0432\u044a\u0440\u0445\u043e\u0432\u043e\u0442\u043e \u0432\u044a\u043f\u043b\u044a\u0449\u0435\u043d\u0438\u0435 \u043d\u0430 \u0441\u044a\u0432\u0440\u0435\u043c\u0435\u043d\u043d\u0438\u044f \u0434\u043e\u043c\u0430\u0448\u0435\u043d \u043b\u0443\u043a\u0441 \u2013 \u043c\u043e\u0442\u043e\u0440\u0438\u0437\u0438\u0440\u0430\u043d\u043e \u043b\u0435\u0433\u043b\u043e,\u0441\u044a\u0437\u0434\u0430\u0434\u0435\u043d\u043e \u0437\u0430 \u0445\u043e\u0440\u0430 \u0441 \u0432\u0438\u0441\u043e\u043a\u0438 \u0438\u0437\u0438\u0441\u043a\u0432\u0430\u043d\u0438\u044f \u043a\u044a\u043c \u043a\u043e\u043c\u0444\u043e\u0440\u0442\u0430, \u0432\u0438\u0437\u0438\u044f\u0442\u0430 \u0438 \u0438\u0437\u0434\u0440\u044a\u0436\u043b\u0438\u0432\u043e\u0441\u0442\u0442\u0430. \u0418\u0434\u0435\u0430\u043b\u043d\u043e \u0437\u0430\u043c\u043e\u0434\u0435\u0440\u043d\u0438\u044f \u0434\u043e\u043c, \u0442\u043e\u0432\u0430 \u043b\u0435\u0433\u043b\u043e \u043e\u0431\u0435\u0434\u0438\u043d\u044f\u0432\u0430 \u0435\u0441\u0442\u0435\u0442\u0438\u043a\u0430, \u0442\u0435\u0445\u043d\u043e\u043b\u043e\u0433\u0438\u044f \u0438 \u0444\u0443\u043d\u043a\u0446\u0438\u043e\u043d\u0430\u043b\u043d\u043e\u0441\u0442 \u043d\u0430 \u043d\u0430\u0439-\u0432\u0438\u0441\u043e\u043a\u043e \u043d\u0438\u0432\u043e. \u041b\u0435\u0433\u043b\u043e\u0442\u043e \u0435 \u043e\u0431\u043e\u0440\u0443\u0434\u0432\u0430\u043d\u043e \u0441 \u0434\u043e\u043a\u0430\u0437\u0430\u043b\u0438\u0442\u0435 \u0441\u0435 \u043d\u0430 \u0441\u0432\u0435\u0442\u043e\u0432\u043d\u0438\u044f \u043f\u0430\u0437\u0430\u0440 \u043c\u043e\u0442\u043e\u0440\u0438 LINAK \u2013 \u0442\u0438\u0445\u0438, \u043c\u043e\u0449\u043d\u0438 \u0438\u043d\u0430\u0434\u0435\u0436\u0434\u043d\u0438. \u0422\u0435 \u043f\u043e\u0437\u0432\u043e\u043b\u044f\u0432\u0430\u0442 \u043f\u0440\u0435\u0446\u0438\u0437\u043d\u043e \u0440\u0435\u0433\u0443\u043b\u0438\u0440\u0430\u043d\u0435 \u043d\u0430 \u043d\u0430\u043a\u043b\u043e\u043d\u0430 [&hellip;]\" \/>\r\n<meta property=\"og:url\" content=\"https:\/\/scandisleep.bg\/es\/producto\/motorno-leglo-s-myasto-za-sahranenie-kopenhagen\/\" \/>\r\n<meta property=\"og:site_name\" content=\"Scandisleep\" \/>\r\n<meta property=\"article:modified_time\" content=\"2025-11-07T11:40:31+00:00\" \/>\r\n<meta property=\"og:image\" content=\"https:\/\/scandisleep.bg\/wp-content\/uploads\/2025\/05\/kopenhagen-1.webp\" \/>\r\n\t<meta property=\"og:image:width\" content=\"1605\" \/>\r\n\t<meta property=\"og:image:height\" content=\"1080\" \/>\r\n\t<meta property=\"og:image:type\" content=\"image\/webp\" \/>\r\n<meta name=\"twitter:card\" content=\"summary_large_image\" \/>\r\n<meta name=\"twitter:label1\" content=\"Est. reading time\" \/>\n\t<meta name=\"twitter:data1\" content=\"2 minutos\" \/>\r\n<script type=\"application\/ld+json\" class=\"yoast-schema-graph\">{\"@context\":\"https:\/\/schema.org\",\"@graph\":[{\"@type\":\"WebPage\",\"@id\":\"https:\/\/scandisleep.bg\/produkt\/motorno-leglo-s-myasto-za-sahranenie-kopenhagen\/\",\"url\":\"https:\/\/scandisleep.bg\/produkt\/motorno-leglo-s-myasto-za-sahranenie-kopenhagen\/\",\"name\":\"\u041c\u043e\u0442\u043e\u0440\u043d\u043e \u043b\u0435\u0433\u043b\u043e \u0441 \u043c\u044f\u0441\u0442\u043e \u0437\u0430 \u0441\u044a\u0445\u0440\u0430\u043d\u0435\u043d\u0438\u0435 \u041a\u043e\u043f\u0435\u043d\u0445\u0430\u0433\u0435\u043d - Scandisleep\",\"isPartOf\":{\"@id\":\"https:\/\/scandisleep.bg\/bg\/#website\"},\"primaryImageOfPage\":{\"@id\":\"https:\/\/scandisleep.bg\/produkt\/motorno-leglo-s-myasto-za-sahranenie-kopenhagen\/#primaryimage\"},\"image\":{\"@id\":\"https:\/\/scandisleep.bg\/produkt\/motorno-leglo-s-myasto-za-sahranenie-kopenhagen\/#primaryimage\"},\"thumbnailUrl\":\"https:\/\/scandisleep.bg\/wp-content\/uploads\/2025\/05\/kopenhagen-1.webp\",\"datePublished\":\"2025-05-30T13:36:05+00:00\",\"dateModified\":\"2025-11-07T11:40:31+00:00\",\"breadcrumb\":{\"@id\":\"https:\/\/scandisleep.bg\/produkt\/motorno-leglo-s-myasto-za-sahranenie-kopenhagen\/#breadcrumb\"},\"inLanguage\":\"es-CR\",\"potentialAction\":[{\"@type\":\"ReadAction\",\"target\":[\"https:\/\/scandisleep.bg\/produkt\/motorno-leglo-s-myasto-za-sahranenie-kopenhagen\/\"]}]},{\"@type\":\"ImageObject\",\"inLanguage\":\"es-CR\",\"@id\":\"https:\/\/scandisleep.bg\/produkt\/motorno-leglo-s-myasto-za-sahranenie-kopenhagen\/#primaryimage\",\"url\":\"https:\/\/scandisleep.bg\/wp-content\/uploads\/2025\/05\/kopenhagen-1.webp\",\"contentUrl\":\"https:\/\/scandisleep.bg\/wp-content\/uploads\/2025\/05\/kopenhagen-1.webp\",\"width\":1605,\"height\":1080},{\"@type\":\"BreadcrumbList\",\"@id\":\"https:\/\/scandisleep.bg\/produkt\/motorno-leglo-s-myasto-za-sahranenie-kopenhagen\/#breadcrumb\",\"itemListElement\":[{\"@type\":\"ListItem\",\"position\":1,\"name\":\"\u041d\u0430\u0447\u0430\u043b\u043e\",\"item\":\"https:\/\/scandisleep.bg\/\"},{\"@type\":\"ListItem\",\"position\":2,\"name\":\"\u041c\u0430\u0433\u0430\u0437\u0438\u043d\",\"item\":\"https:\/\/scandisleep.bg\/porachka\/\"},{\"@type\":\"ListItem\",\"position\":3,\"name\":\"\u041c\u043e\u0442\u043e\u0440\u043d\u043e \u043b\u0435\u0433\u043b\u043e \u0441 \u043c\u044f\u0441\u0442\u043e \u0437\u0430 \u0441\u044a\u0445\u0440\u0430\u043d\u0435\u043d\u0438\u0435 \u041a\u043e\u043f\u0435\u043d\u0445\u0430\u0433\u0435\u043d\"}]},{\"@type\":\"WebSite\",\"@id\":\"https:\/\/scandisleep.bg\/bg\/#website\",\"url\":\"https:\/\/scandisleep.bg\/bg\/\",\"name\":\"Scandisleep\",\"description\":\"\",\"publisher\":{\"@id\":\"https:\/\/scandisleep.bg\/bg\/#organization\"},\"potentialAction\":[{\"@type\":\"SearchAction\",\"target\":{\"@type\":\"EntryPoint\",\"urlTemplate\":\"https:\/\/scandisleep.bg\/bg\/?s={search_term_string}\"},\"query-input\":{\"@type\":\"PropertyValueSpecification\",\"valueRequired\":true,\"valueName\":\"search_term_string\"}}],\"inLanguage\":\"es-CR\"},{\"@type\":\"Organization\",\"@id\":\"https:\/\/scandisleep.bg\/bg\/#organization\",\"name\":\"Scandisleep\",\"url\":\"https:\/\/scandisleep.bg\/bg\/\",\"logo\":{\"@type\":\"ImageObject\",\"inLanguage\":\"es-CR\",\"@id\":\"https:\/\/scandisleep.bg\/bg\/#\/schema\/logo\/image\/\",\"url\":\"https:\/\/scandisleep.bg\/wp-content\/uploads\/2024\/07\/scandisleep-logo.webp\",\"contentUrl\":\"https:\/\/scandisleep.bg\/wp-content\/uploads\/2024\/07\/scandisleep-logo.webp\",\"width\":209,\"height\":70,\"caption\":\"Scandisleep\"},\"image\":{\"@id\":\"https:\/\/scandisleep.bg\/bg\/#\/schema\/logo\/image\/\"}}]}<\/script>\r\n<!-- \/ Yoast SEO plugin. -->","yoast_head_json":{"title":"\u041c\u043e\u0442\u043e\u0440\u043d\u043e \u043b\u0435\u0433\u043b\u043e \u0441 \u043c\u044f\u0441\u0442\u043e \u0437\u0430 \u0441\u044a\u0445\u0440\u0430\u043d\u0435\u043d\u0438\u0435 \u041a\u043e\u043f\u0435\u043d\u0445\u0430\u0433\u0435\u043d - Scandisleep","robots":{"index":"index","follow":"follow","max-snippet":"max-snippet:-1","max-image-preview":"max-image-preview:large","max-video-preview":"max-video-preview:-1"},"canonical":"https:\/\/scandisleep.bg\/es\/producto\/motorno-leglo-s-myasto-za-sahranenie-kopenhagen\/","og_locale":"es_ES","og_type":"article","og_title":"\u041c\u043e\u0442\u043e\u0440\u043d\u043e \u043b\u0435\u0433\u043b\u043e \u0441 \u043c\u044f\u0441\u0442\u043e \u0437\u0430 \u0441\u044a\u0445\u0440\u0430\u043d\u0435\u043d\u0438\u0435 \u041a\u043e\u043f\u0435\u043d\u0445\u0430\u0433\u0435\u043d - Scandisleep","og_description":"\u041a\u043e\u043f\u0435\u043d\u0445\u0430\u0433\u0435\u043d \u0435 \u0432\u044a\u0440\u0445\u043e\u0432\u043e\u0442\u043e \u0432\u044a\u043f\u043b\u044a\u0449\u0435\u043d\u0438\u0435 \u043d\u0430 \u0441\u044a\u0432\u0440\u0435\u043c\u0435\u043d\u043d\u0438\u044f \u0434\u043e\u043c\u0430\u0448\u0435\u043d \u043b\u0443\u043a\u0441 \u2013 \u043c\u043e\u0442\u043e\u0440\u0438\u0437\u0438\u0440\u0430\u043d\u043e \u043b\u0435\u0433\u043b\u043e,\u0441\u044a\u0437\u0434\u0430\u0434\u0435\u043d\u043e \u0437\u0430 \u0445\u043e\u0440\u0430 \u0441 \u0432\u0438\u0441\u043e\u043a\u0438 \u0438\u0437\u0438\u0441\u043a\u0432\u0430\u043d\u0438\u044f \u043a\u044a\u043c \u043a\u043e\u043c\u0444\u043e\u0440\u0442\u0430, \u0432\u0438\u0437\u0438\u044f\u0442\u0430 \u0438 \u0438\u0437\u0434\u0440\u044a\u0436\u043b\u0438\u0432\u043e\u0441\u0442\u0442\u0430. \u0418\u0434\u0435\u0430\u043b\u043d\u043e \u0437\u0430\u043c\u043e\u0434\u0435\u0440\u043d\u0438\u044f \u0434\u043e\u043c, \u0442\u043e\u0432\u0430 \u043b\u0435\u0433\u043b\u043e \u043e\u0431\u0435\u0434\u0438\u043d\u044f\u0432\u0430 \u0435\u0441\u0442\u0435\u0442\u0438\u043a\u0430, \u0442\u0435\u0445\u043d\u043e\u043b\u043e\u0433\u0438\u044f \u0438 \u0444\u0443\u043d\u043a\u0446\u0438\u043e\u043d\u0430\u043b\u043d\u043e\u0441\u0442 \u043d\u0430 \u043d\u0430\u0439-\u0432\u0438\u0441\u043e\u043a\u043e \u043d\u0438\u0432\u043e. \u041b\u0435\u0433\u043b\u043e\u0442\u043e \u0435 \u043e\u0431\u043e\u0440\u0443\u0434\u0432\u0430\u043d\u043e \u0441 \u0434\u043e\u043a\u0430\u0437\u0430\u043b\u0438\u0442\u0435 \u0441\u0435 \u043d\u0430 \u0441\u0432\u0435\u0442\u043e\u0432\u043d\u0438\u044f \u043f\u0430\u0437\u0430\u0440 \u043c\u043e\u0442\u043e\u0440\u0438 LINAK \u2013 \u0442\u0438\u0445\u0438, \u043c\u043e\u0449\u043d\u0438 \u0438\u043d\u0430\u0434\u0435\u0436\u0434\u043d\u0438. \u0422\u0435 \u043f\u043e\u0437\u0432\u043e\u043b\u044f\u0432\u0430\u0442 \u043f\u0440\u0435\u0446\u0438\u0437\u043d\u043e \u0440\u0435\u0433\u0443\u043b\u0438\u0440\u0430\u043d\u0435 \u043d\u0430 \u043d\u0430\u043a\u043b\u043e\u043d\u0430 [&hellip;]","og_url":"https:\/\/scandisleep.bg\/es\/producto\/motorno-leglo-s-myasto-za-sahranenie-kopenhagen\/","og_site_name":"Scandisleep","article_modified_time":"2025-11-07T11:40:31+00:00","og_image":[{"width":1605,"height":1080,"url":"https:\/\/scandisleep.bg\/wp-content\/uploads\/2025\/05\/kopenhagen-1.webp","type":"image\/webp"}],"twitter_card":"summary_large_image","twitter_misc":{"Est. reading time":"2 minutos"},"schema":{"@context":"https:\/\/schema.org","@graph":[{"@type":"WebPage","@id":"https:\/\/scandisleep.bg\/produkt\/motorno-leglo-s-myasto-za-sahranenie-kopenhagen\/","url":"https:\/\/scandisleep.bg\/produkt\/motorno-leglo-s-myasto-za-sahranenie-kopenhagen\/","name":"\u041c\u043e\u0442\u043e\u0440\u043d\u043e \u043b\u0435\u0433\u043b\u043e \u0441 \u043c\u044f\u0441\u0442\u043e \u0437\u0430 \u0441\u044a\u0445\u0440\u0430\u043d\u0435\u043d\u0438\u0435 \u041a\u043e\u043f\u0435\u043d\u0445\u0430\u0433\u0435\u043d - Scandisleep","isPartOf":{"@id":"https:\/\/scandisleep.bg\/bg\/#website"},"primaryImageOfPage":{"@id":"https:\/\/scandisleep.bg\/produkt\/motorno-leglo-s-myasto-za-sahranenie-kopenhagen\/#primaryimage"},"image":{"@id":"https:\/\/scandisleep.bg\/produkt\/motorno-leglo-s-myasto-za-sahranenie-kopenhagen\/#primaryimage"},"thumbnailUrl":"https:\/\/scandisleep.bg\/wp-content\/uploads\/2025\/05\/kopenhagen-1.webp","datePublished":"2025-05-30T13:36:05+00:00","dateModified":"2025-11-07T11:40:31+00:00","breadcrumb":{"@id":"https:\/\/scandisleep.bg\/produkt\/motorno-leglo-s-myasto-za-sahranenie-kopenhagen\/#breadcrumb"},"inLanguage":"es-CR","potentialAction":[{"@type":"ReadAction","target":["https:\/\/scandisleep.bg\/produkt\/motorno-leglo-s-myasto-za-sahranenie-kopenhagen\/"]}]},{"@type":"ImageObject","inLanguage":"es-CR","@id":"https:\/\/scandisleep.bg\/produkt\/motorno-leglo-s-myasto-za-sahranenie-kopenhagen\/#primaryimage","url":"https:\/\/scandisleep.bg\/wp-content\/uploads\/2025\/05\/kopenhagen-1.webp","contentUrl":"https:\/\/scandisleep.bg\/wp-content\/uploads\/2025\/05\/kopenhagen-1.webp","width":1605,"height":1080},{"@type":"BreadcrumbList","@id":"https:\/\/scandisleep.bg\/produkt\/motorno-leglo-s-myasto-za-sahranenie-kopenhagen\/#breadcrumb","itemListElement":[{"@type":"ListItem","position":1,"name":"\u041d\u0430\u0447\u0430\u043b\u043e","item":"https:\/\/scandisleep.bg\/"},{"@type":"ListItem","position":2,"name":"\u041c\u0430\u0433\u0430\u0437\u0438\u043d","item":"https:\/\/scandisleep.bg\/porachka\/"},{"@type":"ListItem","position":3,"name":"\u041c\u043e\u0442\u043e\u0440\u043d\u043e \u043b\u0435\u0433\u043b\u043e \u0441 \u043c\u044f\u0441\u0442\u043e \u0437\u0430 \u0441\u044a\u0445\u0440\u0430\u043d\u0435\u043d\u0438\u0435 \u041a\u043e\u043f\u0435\u043d\u0445\u0430\u0433\u0435\u043d"}]},{"@type":"WebSite","@id":"https:\/\/scandisleep.bg\/bg\/#website","url":"https:\/\/scandisleep.bg\/bg\/","name":"Scandisleep","description":"","publisher":{"@id":"https:\/\/scandisleep.bg\/bg\/#organization"},"potentialAction":[{"@type":"SearchAction","target":{"@type":"EntryPoint","urlTemplate":"https:\/\/scandisleep.bg\/bg\/?s={search_term_string}"},"query-input":{"@type":"PropertyValueSpecification","valueRequired":true,"valueName":"search_term_string"}}],"inLanguage":"es-CR"},{"@type":"Organization","@id":"https:\/\/scandisleep.bg\/bg\/#organization","name":"Scandisleep","url":"https:\/\/scandisleep.bg\/bg\/","logo":{"@type":"ImageObject","inLanguage":"es-CR","@id":"https:\/\/scandisleep.bg\/bg\/#\/schema\/logo\/image\/","url":"https:\/\/scandisleep.bg\/wp-content\/uploads\/2024\/07\/scandisleep-logo.webp","contentUrl":"https:\/\/scandisleep.bg\/wp-content\/uploads\/2024\/07\/scandisleep-logo.webp","width":209,"height":70,"caption":"Scandisleep"},"image":{"@id":"https:\/\/scandisleep.bg\/bg\/#\/schema\/logo\/image\/"}}]}},"_links":{"self":[{"href":"https:\/\/scandisleep.bg\/es\/wp-json\/wp\/v2\/product\/505","targetHints":{"allow":["GET"]}}],"collection":[{"href":"https:\/\/scandisleep.bg\/es\/wp-json\/wp\/v2\/product"}],"about":[{"href":"https:\/\/scandisleep.bg\/es\/wp-json\/wp\/v2\/types\/product"}],"replies":[{"embeddable":true,"href":"https:\/\/scandisleep.bg\/es\/wp-json\/wp\/v2\/comments?post=505"}],"wp:featuredmedia":[{"embeddable":true,"href":"https:\/\/scandisleep.bg\/es\/wp-json\/wp\/v2\/media\/506"}],"wp:attachment":[{"href":"https:\/\/scandisleep.bg\/es\/wp-json\/wp\/v2\/media?parent=505"}],"wp:term":[{"taxonomy":"product_brand","embeddable":true,"href":"https:\/\/scandisleep.bg\/es\/wp-json\/wp\/v2\/product_brand?post=505"},{"taxonomy":"product_cat","embeddable":true,"href":"https:\/\/scandisleep.bg\/es\/wp-json\/wp\/v2\/product_cat?post=505"},{"taxonomy":"product_tag","embeddable":true,"href":"https:\/\/scandisleep.bg\/es\/wp-json\/wp\/v2\/product_tag?post=505"}],"curies":[{"name":"wp","href":"https:\/\/api.w.org\/{rel}","templated":true}]}}