{"id":499,"date":"2025-05-30T13:30:44","date_gmt":"2025-05-30T13:30:44","guid":{"rendered":"https:\/\/scandisleep.bg\/?post_type=product&#038;p=499"},"modified":"2025-11-07T11:40:14","modified_gmt":"2025-11-07T11:40:14","slug":"motorno-leglo-stokholm-lajt","status":"publish","type":"product","link":"https:\/\/scandisleep.bg\/es\/producto\/motorno-leglo-stokholm-lajt\/","title":{"rendered":"Cama articulada motorizada Stockholm Light"},"content":{"rendered":"<h3>Cama Stockholm Light - Comodidad asequible con esp\u00edritu escandinavo<\/h3>\n<p>Si busca funcionalidad, fiabilidad y estilo en una cama motorizada sin comprometer el presupuesto - Stockholm Light est\u00e1 dise\u00f1ado especialmente para usted.<\/p>\n<h3>Sistema motorizado de origen comprobado<\/h3>\n<p class=\"translation-block\">Equipada con un <strong>motor OKIN<\/strong>, una soluci\u00f3n estable y fiable para el uso diario. Permite un c\u00f3modo ajuste de la espalda y las piernas con un mando sencillo, lo que hace la cama ideal tanto para la relajaci\u00f3n como para una mejor postura ergon\u00f3mica.<\/p>\n<p><strong>Construcci\u00f3n robusta de madera maciza<\/strong><\/p>\n<p class=\"translation-block\">A pesar de su precio m\u00e1s asequible, la cama <strong>Stockholm Light<\/strong> no compromete la resistencia. Fabricada en <strong>madera maciza<\/strong>, esta cama ofrece estabilidad, durabilidad y una est\u00e9tica natural que se integra a la perfecci\u00f3n en interiores modernos y minimalistas.<\/p>\n<p class=\"translation-block\"><strong>Posici\u00f3n de gravedad cero<\/strong> - inspirada de NASA, esta posici\u00f3n alivia la presi\u00f3n sobre el cuerpo, mejora la circulaci\u00f3n sangu\u00ednea y crea una sensaci\u00f3n de ingravidez.<\/p>\n<h3>Las camas de matrimonio 160 y 180 cm est\u00e1n formadas por dos camas de 80 o 90 cm respectivamente.<\/h3>\n<p><strong>Dimensiones<\/strong><br \/>\nAnchura: <strong>80 \/ 90 \/ 120 \/ 140 \/ 160 \/ 180 \u0441\u043c<\/strong><br \/>\nLongitud: <strong>200 cm, 210 cm o 220 cm<\/strong><\/p>\n<p class=\"translation-block\"><strong>Una discreta luz LED incorporada<\/strong> debajo de la cama proporciona una iluminaci\u00f3n nocturna suave - perfecta para orientarse sin perturbar el sue\u00f1o.<\/p>","protected":false},"excerpt":{"rendered":"<p>\u041b\u0435\u0433\u043b\u043e \u0421\u0442\u043e\u043a\u0445\u043e\u043b\u043c \u041b\u0430\u0439\u0442 \u2013 \u0414\u043e\u0441\u0442\u044a\u043f\u0435\u043d \u043a\u043e\u043c\u0444\u043e\u0440\u0442 \u0441\u044a\u0441 \u0441\u043a\u0430\u043d\u0434\u0438\u043d\u0430\u0432\u0441\u043a\u0438 \u0434\u0443\u0445 \u0410\u043a\u043e \u0442\u044a\u0440\u0441\u0438\u0442\u0435 \u0444\u0443\u043d\u043a\u0446\u0438\u043e\u043d\u0430\u043b\u043d\u043e\u0441\u0442, \u043d\u0430\u0434\u0435\u0436\u0434\u043d\u043e\u0441\u0442 \u0438 \u0441\u0442\u0438\u043b \u0432 \u0435\u0434\u043d\u043e \u043c\u043e\u0442\u043e\u0440\u0438\u0437\u0438\u0440\u0430\u043d\u043e \u043b\u0435\u0433\u043b\u043e, \u0431\u0435\u0437 \u0434\u0430 \u043f\u0440\u0430\u0432\u0438\u0442\u0435 \u043a\u043e\u043c\u043f\u0440\u043e\u043c\u0438\u0441 \u0441 \u0431\u044e\u0434\u0436\u0435\u0442\u0430 \u2013 \u0421\u0442\u043e\u043a\u0445\u043e\u043b\u043c \u041b\u0430\u0439\u0442 \u0435 \u0441\u044a\u0437\u0434\u0430\u0434\u0435\u043d\u043e \u0442\u043e\u0447\u043d\u043e \u0437\u0430 \u0432\u0430\u0441. \u041c\u043e\u0442\u043e\u0440\u0438\u0437\u0438\u0440\u0430\u043d\u0430 \u0441\u0438\u0441\u0442\u0435\u043c\u0430 \u0441 \u0434\u043e\u043a\u0430\u0437\u0430\u043d \u043f\u0440\u043e\u0438\u0437\u0445\u043e\u0434 \u041e\u0431\u043e\u0440\u0443\u0434\u0432\u0430\u043d\u043e \u0441 \u043c\u043e\u0442\u043e\u0440 OKIN \u2013 \u0441\u0442\u0430\u0431\u0438\u043b\u043d\u043e \u0438 \u043d\u0430\u0434\u0435\u0436\u0434\u043d\u043e \u0440\u0435\u0448\u0435\u043d\u0438\u0435 \u0437\u0430 \u0432\u0441\u0435\u043a\u0438\u0434\u043d\u0435\u0432\u043d\u0430 \u0443\u043f\u043e\u0442\u0440\u0435\u0431\u0430. \u041f\u043e\u0437\u0432\u043e\u043b\u044f\u0432\u0430 \u0443\u0434\u043e\u0431\u043d\u043e \u0440\u0435\u0433\u0443\u043b\u0438\u0440\u0430\u043d\u0435 \u043d\u0430 \u0433\u044a\u0440\u0431\u0430 [&hellip;]<\/p>","protected":false},"featured_media":503,"comment_status":"open","ping_status":"closed","template":"","meta":{"_acf_changed":false},"product_brand":[],"product_cat":[15],"product_tag":[],"class_list":{"0":"post-499","1":"product","2":"type-product","3":"status-publish","4":"has-post-thumbnail","6":"product_cat-motorni-legla","8":"first","9":"instock","10":"shipping-taxable","11":"purchasable","12":"product-type-variable","13":"has-default-attributes"},"acf":[],"yoast_head":"<!-- This site is optimized with the Yoast SEO plugin v25.9 - https:\/\/yoast.com\/wordpress\/plugins\/seo\/ -->\r\n<title>\u041c\u043e\u0442\u043e\u0440\u043d\u043e \u043b\u0435\u0433\u043b\u043e \u0421\u0442\u043e\u043a\u0445\u043e\u043b\u043c \u043b\u0430\u0439\u0442 - Scandisleep<\/title>\r\n<meta name=\"robots\" content=\"index, follow, max-snippet:-1, max-image-preview:large, max-video-preview:-1\" \/>\r\n<link rel=\"canonical\" href=\"https:\/\/scandisleep.bg\/es\/producto\/motorno-leglo-stokholm-lajt\/\" \/>\r\n<meta property=\"og:locale\" content=\"es_ES\" \/>\r\n<meta property=\"og:type\" content=\"article\" \/>\r\n<meta property=\"og:title\" content=\"\u041c\u043e\u0442\u043e\u0440\u043d\u043e \u043b\u0435\u0433\u043b\u043e \u0421\u0442\u043e\u043a\u0445\u043e\u043b\u043c \u043b\u0430\u0439\u0442 - Scandisleep\" \/>\r\n<meta property=\"og:description\" content=\"\u041b\u0435\u0433\u043b\u043e \u0421\u0442\u043e\u043a\u0445\u043e\u043b\u043c \u041b\u0430\u0439\u0442 \u2013 \u0414\u043e\u0441\u0442\u044a\u043f\u0435\u043d \u043a\u043e\u043c\u0444\u043e\u0440\u0442 \u0441\u044a\u0441 \u0441\u043a\u0430\u043d\u0434\u0438\u043d\u0430\u0432\u0441\u043a\u0438 \u0434\u0443\u0445 \u0410\u043a\u043e \u0442\u044a\u0440\u0441\u0438\u0442\u0435 \u0444\u0443\u043d\u043a\u0446\u0438\u043e\u043d\u0430\u043b\u043d\u043e\u0441\u0442, \u043d\u0430\u0434\u0435\u0436\u0434\u043d\u043e\u0441\u0442 \u0438 \u0441\u0442\u0438\u043b \u0432 \u0435\u0434\u043d\u043e \u043c\u043e\u0442\u043e\u0440\u0438\u0437\u0438\u0440\u0430\u043d\u043e \u043b\u0435\u0433\u043b\u043e, \u0431\u0435\u0437 \u0434\u0430 \u043f\u0440\u0430\u0432\u0438\u0442\u0435 \u043a\u043e\u043c\u043f\u0440\u043e\u043c\u0438\u0441 \u0441 \u0431\u044e\u0434\u0436\u0435\u0442\u0430 \u2013 \u0421\u0442\u043e\u043a\u0445\u043e\u043b\u043c \u041b\u0430\u0439\u0442 \u0435 \u0441\u044a\u0437\u0434\u0430\u0434\u0435\u043d\u043e \u0442\u043e\u0447\u043d\u043e \u0437\u0430 \u0432\u0430\u0441. \u041c\u043e\u0442\u043e\u0440\u0438\u0437\u0438\u0440\u0430\u043d\u0430 \u0441\u0438\u0441\u0442\u0435\u043c\u0430 \u0441 \u0434\u043e\u043a\u0430\u0437\u0430\u043d \u043f\u0440\u043e\u0438\u0437\u0445\u043e\u0434 \u041e\u0431\u043e\u0440\u0443\u0434\u0432\u0430\u043d\u043e \u0441 \u043c\u043e\u0442\u043e\u0440 OKIN \u2013 \u0441\u0442\u0430\u0431\u0438\u043b\u043d\u043e \u0438 \u043d\u0430\u0434\u0435\u0436\u0434\u043d\u043e \u0440\u0435\u0448\u0435\u043d\u0438\u0435 \u0437\u0430 \u0432\u0441\u0435\u043a\u0438\u0434\u043d\u0435\u0432\u043d\u0430 \u0443\u043f\u043e\u0442\u0440\u0435\u0431\u0430. \u041f\u043e\u0437\u0432\u043e\u043b\u044f\u0432\u0430 \u0443\u0434\u043e\u0431\u043d\u043e \u0440\u0435\u0433\u0443\u043b\u0438\u0440\u0430\u043d\u0435 \u043d\u0430 \u0433\u044a\u0440\u0431\u0430 [&hellip;]\" \/>\r\n<meta property=\"og:url\" content=\"https:\/\/scandisleep.bg\/es\/producto\/motorno-leglo-stokholm-lajt\/\" \/>\r\n<meta property=\"og:site_name\" content=\"Scandisleep\" \/>\r\n<meta property=\"article:modified_time\" content=\"2025-11-07T11:40:14+00:00\" \/>\r\n<meta property=\"og:image\" content=\"https:\/\/scandisleep.bg\/wp-content\/uploads\/2025\/05\/stockholm-light-1.webp\" \/>\r\n\t<meta property=\"og:image:width\" content=\"1654\" \/>\r\n\t<meta property=\"og:image:height\" content=\"1080\" \/>\r\n\t<meta property=\"og:image:type\" content=\"image\/webp\" \/>\r\n<meta name=\"twitter:card\" content=\"summary_large_image\" \/>\r\n<meta name=\"twitter:label1\" content=\"Est. reading time\" \/>\n\t<meta name=\"twitter:data1\" content=\"2 minutos\" \/>\r\n<script type=\"application\/ld+json\" class=\"yoast-schema-graph\">{\"@context\":\"https:\/\/schema.org\",\"@graph\":[{\"@type\":\"WebPage\",\"@id\":\"https:\/\/scandisleep.bg\/produkt\/motorno-leglo-stokholm-lajt\/\",\"url\":\"https:\/\/scandisleep.bg\/produkt\/motorno-leglo-stokholm-lajt\/\",\"name\":\"\u041c\u043e\u0442\u043e\u0440\u043d\u043e \u043b\u0435\u0433\u043b\u043e \u0421\u0442\u043e\u043a\u0445\u043e\u043b\u043c \u043b\u0430\u0439\u0442 - Scandisleep\",\"isPartOf\":{\"@id\":\"https:\/\/scandisleep.bg\/bg\/#website\"},\"primaryImageOfPage\":{\"@id\":\"https:\/\/scandisleep.bg\/produkt\/motorno-leglo-stokholm-lajt\/#primaryimage\"},\"image\":{\"@id\":\"https:\/\/scandisleep.bg\/produkt\/motorno-leglo-stokholm-lajt\/#primaryimage\"},\"thumbnailUrl\":\"https:\/\/scandisleep.bg\/wp-content\/uploads\/2025\/05\/stockholm-light-1.webp\",\"datePublished\":\"2025-05-30T13:30:44+00:00\",\"dateModified\":\"2025-11-07T11:40:14+00:00\",\"breadcrumb\":{\"@id\":\"https:\/\/scandisleep.bg\/produkt\/motorno-leglo-stokholm-lajt\/#breadcrumb\"},\"inLanguage\":\"es-CR\",\"potentialAction\":[{\"@type\":\"ReadAction\",\"target\":[\"https:\/\/scandisleep.bg\/produkt\/motorno-leglo-stokholm-lajt\/\"]}]},{\"@type\":\"ImageObject\",\"inLanguage\":\"es-CR\",\"@id\":\"https:\/\/scandisleep.bg\/produkt\/motorno-leglo-stokholm-lajt\/#primaryimage\",\"url\":\"https:\/\/scandisleep.bg\/wp-content\/uploads\/2025\/05\/stockholm-light-1.webp\",\"contentUrl\":\"https:\/\/scandisleep.bg\/wp-content\/uploads\/2025\/05\/stockholm-light-1.webp\",\"width\":1654,\"height\":1080},{\"@type\":\"BreadcrumbList\",\"@id\":\"https:\/\/scandisleep.bg\/produkt\/motorno-leglo-stokholm-lajt\/#breadcrumb\",\"itemListElement\":[{\"@type\":\"ListItem\",\"position\":1,\"name\":\"\u041d\u0430\u0447\u0430\u043b\u043e\",\"item\":\"https:\/\/scandisleep.bg\/\"},{\"@type\":\"ListItem\",\"position\":2,\"name\":\"\u041c\u0430\u0433\u0430\u0437\u0438\u043d\",\"item\":\"https:\/\/scandisleep.bg\/porachka\/\"},{\"@type\":\"ListItem\",\"position\":3,\"name\":\"\u041c\u043e\u0442\u043e\u0440\u043d\u043e \u043b\u0435\u0433\u043b\u043e \u0421\u0442\u043e\u043a\u0445\u043e\u043b\u043c \u043b\u0430\u0439\u0442\"}]},{\"@type\":\"WebSite\",\"@id\":\"https:\/\/scandisleep.bg\/bg\/#website\",\"url\":\"https:\/\/scandisleep.bg\/bg\/\",\"name\":\"Scandisleep\",\"description\":\"\",\"publisher\":{\"@id\":\"https:\/\/scandisleep.bg\/bg\/#organization\"},\"potentialAction\":[{\"@type\":\"SearchAction\",\"target\":{\"@type\":\"EntryPoint\",\"urlTemplate\":\"https:\/\/scandisleep.bg\/bg\/?s={search_term_string}\"},\"query-input\":{\"@type\":\"PropertyValueSpecification\",\"valueRequired\":true,\"valueName\":\"search_term_string\"}}],\"inLanguage\":\"es-CR\"},{\"@type\":\"Organization\",\"@id\":\"https:\/\/scandisleep.bg\/bg\/#organization\",\"name\":\"Scandisleep\",\"url\":\"https:\/\/scandisleep.bg\/bg\/\",\"logo\":{\"@type\":\"ImageObject\",\"inLanguage\":\"es-CR\",\"@id\":\"https:\/\/scandisleep.bg\/bg\/#\/schema\/logo\/image\/\",\"url\":\"https:\/\/scandisleep.bg\/wp-content\/uploads\/2024\/07\/scandisleep-logo.webp\",\"contentUrl\":\"https:\/\/scandisleep.bg\/wp-content\/uploads\/2024\/07\/scandisleep-logo.webp\",\"width\":209,\"height\":70,\"caption\":\"Scandisleep\"},\"image\":{\"@id\":\"https:\/\/scandisleep.bg\/bg\/#\/schema\/logo\/image\/\"}}]}<\/script>\r\n<!-- \/ Yoast SEO plugin. -->","yoast_head_json":{"title":"\u041c\u043e\u0442\u043e\u0440\u043d\u043e \u043b\u0435\u0433\u043b\u043e \u0421\u0442\u043e\u043a\u0445\u043e\u043b\u043c \u043b\u0430\u0439\u0442 - Scandisleep","robots":{"index":"index","follow":"follow","max-snippet":"max-snippet:-1","max-image-preview":"max-image-preview:large","max-video-preview":"max-video-preview:-1"},"canonical":"https:\/\/scandisleep.bg\/es\/producto\/motorno-leglo-stokholm-lajt\/","og_locale":"es_ES","og_type":"article","og_title":"\u041c\u043e\u0442\u043e\u0440\u043d\u043e \u043b\u0435\u0433\u043b\u043e \u0421\u0442\u043e\u043a\u0445\u043e\u043b\u043c \u043b\u0430\u0439\u0442 - Scandisleep","og_description":"\u041b\u0435\u0433\u043b\u043e \u0421\u0442\u043e\u043a\u0445\u043e\u043b\u043c \u041b\u0430\u0439\u0442 \u2013 \u0414\u043e\u0441\u0442\u044a\u043f\u0435\u043d \u043a\u043e\u043c\u0444\u043e\u0440\u0442 \u0441\u044a\u0441 \u0441\u043a\u0430\u043d\u0434\u0438\u043d\u0430\u0432\u0441\u043a\u0438 \u0434\u0443\u0445 \u0410\u043a\u043e \u0442\u044a\u0440\u0441\u0438\u0442\u0435 \u0444\u0443\u043d\u043a\u0446\u0438\u043e\u043d\u0430\u043b\u043d\u043e\u0441\u0442, \u043d\u0430\u0434\u0435\u0436\u0434\u043d\u043e\u0441\u0442 \u0438 \u0441\u0442\u0438\u043b \u0432 \u0435\u0434\u043d\u043e \u043c\u043e\u0442\u043e\u0440\u0438\u0437\u0438\u0440\u0430\u043d\u043e \u043b\u0435\u0433\u043b\u043e, \u0431\u0435\u0437 \u0434\u0430 \u043f\u0440\u0430\u0432\u0438\u0442\u0435 \u043a\u043e\u043c\u043f\u0440\u043e\u043c\u0438\u0441 \u0441 \u0431\u044e\u0434\u0436\u0435\u0442\u0430 \u2013 \u0421\u0442\u043e\u043a\u0445\u043e\u043b\u043c \u041b\u0430\u0439\u0442 \u0435 \u0441\u044a\u0437\u0434\u0430\u0434\u0435\u043d\u043e \u0442\u043e\u0447\u043d\u043e \u0437\u0430 \u0432\u0430\u0441. \u041c\u043e\u0442\u043e\u0440\u0438\u0437\u0438\u0440\u0430\u043d\u0430 \u0441\u0438\u0441\u0442\u0435\u043c\u0430 \u0441 \u0434\u043e\u043a\u0430\u0437\u0430\u043d \u043f\u0440\u043e\u0438\u0437\u0445\u043e\u0434 \u041e\u0431\u043e\u0440\u0443\u0434\u0432\u0430\u043d\u043e \u0441 \u043c\u043e\u0442\u043e\u0440 OKIN \u2013 \u0441\u0442\u0430\u0431\u0438\u043b\u043d\u043e \u0438 \u043d\u0430\u0434\u0435\u0436\u0434\u043d\u043e \u0440\u0435\u0448\u0435\u043d\u0438\u0435 \u0437\u0430 \u0432\u0441\u0435\u043a\u0438\u0434\u043d\u0435\u0432\u043d\u0430 \u0443\u043f\u043e\u0442\u0440\u0435\u0431\u0430. \u041f\u043e\u0437\u0432\u043e\u043b\u044f\u0432\u0430 \u0443\u0434\u043e\u0431\u043d\u043e \u0440\u0435\u0433\u0443\u043b\u0438\u0440\u0430\u043d\u0435 \u043d\u0430 \u0433\u044a\u0440\u0431\u0430 [&hellip;]","og_url":"https:\/\/scandisleep.bg\/es\/producto\/motorno-leglo-stokholm-lajt\/","og_site_name":"Scandisleep","article_modified_time":"2025-11-07T11:40:14+00:00","og_image":[{"width":1654,"height":1080,"url":"https:\/\/scandisleep.bg\/wp-content\/uploads\/2025\/05\/stockholm-light-1.webp","type":"image\/webp"}],"twitter_card":"summary_large_image","twitter_misc":{"Est. reading time":"2 minutos"},"schema":{"@context":"https:\/\/schema.org","@graph":[{"@type":"WebPage","@id":"https:\/\/scandisleep.bg\/produkt\/motorno-leglo-stokholm-lajt\/","url":"https:\/\/scandisleep.bg\/produkt\/motorno-leglo-stokholm-lajt\/","name":"\u041c\u043e\u0442\u043e\u0440\u043d\u043e \u043b\u0435\u0433\u043b\u043e \u0421\u0442\u043e\u043a\u0445\u043e\u043b\u043c \u043b\u0430\u0439\u0442 - Scandisleep","isPartOf":{"@id":"https:\/\/scandisleep.bg\/bg\/#website"},"primaryImageOfPage":{"@id":"https:\/\/scandisleep.bg\/produkt\/motorno-leglo-stokholm-lajt\/#primaryimage"},"image":{"@id":"https:\/\/scandisleep.bg\/produkt\/motorno-leglo-stokholm-lajt\/#primaryimage"},"thumbnailUrl":"https:\/\/scandisleep.bg\/wp-content\/uploads\/2025\/05\/stockholm-light-1.webp","datePublished":"2025-05-30T13:30:44+00:00","dateModified":"2025-11-07T11:40:14+00:00","breadcrumb":{"@id":"https:\/\/scandisleep.bg\/produkt\/motorno-leglo-stokholm-lajt\/#breadcrumb"},"inLanguage":"es-CR","potentialAction":[{"@type":"ReadAction","target":["https:\/\/scandisleep.bg\/produkt\/motorno-leglo-stokholm-lajt\/"]}]},{"@type":"ImageObject","inLanguage":"es-CR","@id":"https:\/\/scandisleep.bg\/produkt\/motorno-leglo-stokholm-lajt\/#primaryimage","url":"https:\/\/scandisleep.bg\/wp-content\/uploads\/2025\/05\/stockholm-light-1.webp","contentUrl":"https:\/\/scandisleep.bg\/wp-content\/uploads\/2025\/05\/stockholm-light-1.webp","width":1654,"height":1080},{"@type":"BreadcrumbList","@id":"https:\/\/scandisleep.bg\/produkt\/motorno-leglo-stokholm-lajt\/#breadcrumb","itemListElement":[{"@type":"ListItem","position":1,"name":"\u041d\u0430\u0447\u0430\u043b\u043e","item":"https:\/\/scandisleep.bg\/"},{"@type":"ListItem","position":2,"name":"\u041c\u0430\u0433\u0430\u0437\u0438\u043d","item":"https:\/\/scandisleep.bg\/porachka\/"},{"@type":"ListItem","position":3,"name":"\u041c\u043e\u0442\u043e\u0440\u043d\u043e \u043b\u0435\u0433\u043b\u043e \u0421\u0442\u043e\u043a\u0445\u043e\u043b\u043c \u043b\u0430\u0439\u0442"}]},{"@type":"WebSite","@id":"https:\/\/scandisleep.bg\/bg\/#website","url":"https:\/\/scandisleep.bg\/bg\/","name":"Scandisleep","description":"","publisher":{"@id":"https:\/\/scandisleep.bg\/bg\/#organization"},"potentialAction":[{"@type":"SearchAction","target":{"@type":"EntryPoint","urlTemplate":"https:\/\/scandisleep.bg\/bg\/?s={search_term_string}"},"query-input":{"@type":"PropertyValueSpecification","valueRequired":true,"valueName":"search_term_string"}}],"inLanguage":"es-CR"},{"@type":"Organization","@id":"https:\/\/scandisleep.bg\/bg\/#organization","name":"Scandisleep","url":"https:\/\/scandisleep.bg\/bg\/","logo":{"@type":"ImageObject","inLanguage":"es-CR","@id":"https:\/\/scandisleep.bg\/bg\/#\/schema\/logo\/image\/","url":"https:\/\/scandisleep.bg\/wp-content\/uploads\/2024\/07\/scandisleep-logo.webp","contentUrl":"https:\/\/scandisleep.bg\/wp-content\/uploads\/2024\/07\/scandisleep-logo.webp","width":209,"height":70,"caption":"Scandisleep"},"image":{"@id":"https:\/\/scandisleep.bg\/bg\/#\/schema\/logo\/image\/"}}]}},"_links":{"self":[{"href":"https:\/\/scandisleep.bg\/es\/wp-json\/wp\/v2\/product\/499","targetHints":{"allow":["GET"]}}],"collection":[{"href":"https:\/\/scandisleep.bg\/es\/wp-json\/wp\/v2\/product"}],"about":[{"href":"https:\/\/scandisleep.bg\/es\/wp-json\/wp\/v2\/types\/product"}],"replies":[{"embeddable":true,"href":"https:\/\/scandisleep.bg\/es\/wp-json\/wp\/v2\/comments?post=499"}],"wp:featuredmedia":[{"embeddable":true,"href":"https:\/\/scandisleep.bg\/es\/wp-json\/wp\/v2\/media\/503"}],"wp:attachment":[{"href":"https:\/\/scandisleep.bg\/es\/wp-json\/wp\/v2\/media?parent=499"}],"wp:term":[{"taxonomy":"product_brand","embeddable":true,"href":"https:\/\/scandisleep.bg\/es\/wp-json\/wp\/v2\/product_brand?post=499"},{"taxonomy":"product_cat","embeddable":true,"href":"https:\/\/scandisleep.bg\/es\/wp-json\/wp\/v2\/product_cat?post=499"},{"taxonomy":"product_tag","embeddable":true,"href":"https:\/\/scandisleep.bg\/es\/wp-json\/wp\/v2\/product_tag?post=499"}],"curies":[{"name":"wp","href":"https:\/\/api.w.org\/{rel}","templated":true}]}}