{"id":3,"date":"2024-07-08T08:46:14","date_gmt":"2024-07-08T08:46:14","guid":{"rendered":"https:\/\/scandisleep.bg\/?page_id=3"},"modified":"2025-09-11T07:30:28","modified_gmt":"2025-09-11T07:30:28","slug":"politika-za-poveritelnost","status":"publish","type":"page","link":"https:\/\/scandisleep.bg\/es\/politika-za-poveritelnost\/","title":{"rendered":"Pol\u00edtica de Privacidad"},"content":{"rendered":"<p>Esta pol\u00edtica explica c\u00f3mo \u201cEUROPEAN BEDDING COMPANY\u201d EAD (\u201cnosotros\u201d o \u201cel Administrador\u201d) recopila, utiliza, almacena y protege sus datos personales al utilizar el sitio web scandisleep.bg.<\/p>\n\n\n\n<p><\/p>\n\n\n\n<p><strong>1. Qui\u00e9nes somos<\/strong><\/p>\n\n\n\n<p>Responsable del tratamiento: EUROPEAN BEDDING COMPANY EAD\nCIF: 200354168\nDirecci\u00f3n registrada: Calle Bacho Kiro 13, Dryanovo, Bulgaria<\/p>\n\n\n\n<p><\/p>\n\n\n\n<p><strong>2. Qu\u00e9 datos recopilamos<\/strong><\/p>\n\n\n\n<p>Podemos recopilar los siguientes datos al realizar un pedido o contactarnos:<\/p>\n\n\n\n<ul class=\"wp-block-list translation-block\">\n<li><em>\u0418\u043c\u0435 \u0438 \u0444\u0430\u043c\u0438\u043b\u0438\u044f<\/em><\/li>\n\n\n\n<li><em>\u0418\u043c\u0435\u0439\u043b \u0438 \u0442\u0435\u043b\u0435\u0444\u043e\u043d<\/em><\/li>\n\n\n\n<li><em>\u0410\u0434\u0440\u0435\u0441 \u0437\u0430 \u0434\u043e\u0441\u0442\u0430\u0432\u043a\u0430<\/em><\/li>\n\n\n\n<li><em>\u0414\u0430\u043d\u043d\u0438 \u0437\u0430 \u043f\u043b\u0430\u0449\u0430\u043d\u0435 (\u0447\u0440\u0435\u0437 \u0437\u0430\u0449\u0438\u0442\u0435\u043d\u0438 \u043f\u043b\u0430\u0442\u0444\u043e\u0440\u043c\u0438)<\/em><\/li>\n\n\n\n<li><em>IP<\/em><em> \u0430\u0434\u0440\u0435\u0441 \u0438 \u0438\u043d\u0444\u043e\u0440\u043c\u0430\u0446\u0438\u044f \u0437\u0430 \u0431\u0440\u0430\u0443\u0437\u044a\u0440\u0430<\/em><\/li>\n\n\n\n<li><em>\u0418\u0441\u0442\u043e\u0440\u0438\u044f \u043d\u0430 \u043f\u043e\u0440\u044a\u0447\u043a\u0438<br>\u041d\u0435 \u0441\u044a\u0431\u0438\u0440\u0430\u043c\u0435 \u0434\u0430\u043d\u043d\u0438 \u043e\u0442 \u043b\u0438\u0446\u0430 \u043f\u043e\u0434 14 \u0433\u043e\u0434\u0438\u043d\u0438.<\/em><\/li>\n<\/ul>\n\n\n\n<p><\/p>\n\n\n\n<p><strong>3. Para qu\u00e9 usamos sus datos<\/strong><\/p>\n\n\n\n<p>Utilizamos sus datos para:<\/p>\n\n\n\n<ul class=\"wp-block-list translation-block\">\n<li>\u041e\u0431\u0440\u0430\u0431\u043e\u0442\u043a\u0430 \u0438 \u0434\u043e\u0441\u0442\u0430\u0432\u043a\u0430 \u043d\u0430 \u043f\u043e\u0440\u044a\u0447\u043a\u0438<\/li>\n\n\n\n<li>\u0418\u0437\u0434\u0430\u0432\u0430\u043d\u0435 \u043d\u0430 \u0444\u0430\u043a\u0442\u0443\u0440\u0438<\/li>\n\n\n\n<li>\u041a\u043e\u043c\u0443\u043d\u0438\u043a\u0430\u0446\u0438\u044f \u043f\u043e \u0438\u043c\u0435\u0439\u043b \u0438\u043b\u0438 \u0442\u0435\u043b\u0435\u0444\u043e\u043d<\/li>\n\n\n\n<li>\u041e\u0442\u0433\u043e\u0432\u043e\u0440 \u043d\u0430 \u0437\u0430\u043f\u0438\u0442\u0432\u0430\u043d\u0438\u044f<\/li>\n\n\n\n<li>\u041c\u0430\u0440\u043a\u0435\u0442\u0438\u043d\u0433 (\u0441\u0430\u043c\u043e \u043f\u0440\u0438 \u0441\u044a\u0433\u043b\u0430\u0441\u0438\u0435)<\/li>\n\n\n\n<li>\u041f\u043e\u0434\u043e\u0431\u0440\u044f\u0432\u0430\u043d\u0435 \u043d\u0430 \u0441\u0430\u0439\u0442\u0430 \u0438 \u0441\u0438\u0433\u0443\u0440\u043d\u043e\u0441\u0442\u0442\u0430<\/li>\n<\/ul>\n\n\n\n<p><\/p>\n\n\n\n<p><strong>4. Base legal para el tratamiento<\/strong><\/p>\n\n\n\n<ul class=\"wp-block-list translation-block\">\n<li>\u0418\u0437\u043f\u044a\u043b\u043d\u0435\u043d\u0438\u0435 \u043d\u0430 \u0434\u043e\u0433\u043e\u0432\u043e\u0440 (\u043d\u0430\u043f\u0440. \u043f\u043e\u0440\u044a\u0447\u043a\u0430)<\/li>\n\n\n\n<li>\u0417\u0430\u043a\u043e\u043d\u043e\u0432\u043e \u0437\u0430\u0434\u044a\u043b\u0436\u0435\u043d\u0438\u0435 (\u043d\u0430\u043f\u0440. \u0441\u0447\u0435\u0442\u043e\u0432\u043e\u0434\u0441\u0442\u0432\u043e)<\/li>\n\n\n\n<li>\u0421\u044a\u0433\u043b\u0430\u0441\u0438\u0435 (\u043d\u0430\u043f\u0440. \u0431\u044e\u043b\u0435\u0442\u0438\u043d)<\/li>\n\n\n\n<li>\u041b\u0435\u0433\u0438\u0442\u0438\u043c\u0435\u043d \u0438\u043d\u0442\u0435\u0440\u0435\u0441 (\u043d\u0430\u043f\u0440. \u0437\u0430\u0449\u0438\u0442\u0430 \u043e\u0442 \u0438\u0437\u043c\u0430\u043c\u0438)<\/li>\n<\/ul>\n\n\n\n<p><\/p>\n\n\n\n<p><strong>5. Decisiones automatizadas<\/strong><\/p>\n\n\n\n<p>No utilizamos decisiones automatizadas ni elaboraci\u00f3n de perfiles.<\/p>\n\n\n\n<p><\/p>\n\n\n\n<p><strong>6. Conservaci\u00f3n de datos<\/strong><\/p>\n\n\n\n<ul class=\"wp-block-list translation-block\">\n<li>\u0414\u043e 5 \u0433\u043e\u0434\u0438\u043d\u0438 \u0437\u0430 \u0441\u0447\u0435\u0442\u043e\u0432\u043e\u0434\u043d\u0438 \u0446\u0435\u043b\u0438<\/li>\n\n\n\n<li>\u0414\u043e \u043e\u0442\u0442\u0435\u0433\u043b\u044f\u043d\u0435 \u043d\u0430 \u0441\u044a\u0433\u043b\u0430\u0441\u0438\u0435\u0442\u043e \u0437\u0430 \u043c\u0430\u0440\u043a\u0435\u0442\u0438\u043d\u0433<\/li>\n\n\n\n<li>\u0414\u043e \u0438\u0437\u043f\u044a\u043b\u043d\u0435\u043d\u0438\u0435 \u043d\u0430 \u043a\u043e\u043d\u043a\u0440\u0435\u0442\u043d\u0430 \u043f\u043e\u0440\u044a\u0447\u043a\u0430 \u0438\u043b\u0438 \u0437\u0430\u043f\u0438\u0442\u0432\u0430\u043d\u0435<\/li>\n<\/ul>\n\n\n\n<p><\/p>\n\n\n\n<p><strong>7. Compartici\u00f3n de datos<\/strong><\/p>\n\n\n\n<p>Podemos compartir sus datos con:<\/p>\n\n\n\n<ul class=\"wp-block-list translation-block\">\n<li>\u041a\u0443\u0440\u0438\u0435\u0440\u0438 (\u0437\u0430 \u0434\u043e\u0441\u0442\u0430\u0432\u043a\u0430)<\/li>\n\n\n\n<li>\u041f\u043b\u0430\u0442\u0435\u0436\u043d\u0438 \u043e\u043f\u0435\u0440\u0430\u0442\u043e\u0440\u0438<\/li>\n\n\n\n<li>\u0421\u0447\u0435\u0442\u043e\u0432\u043e\u0434\u043d\u0438 \u0438 \u043e\u0434\u0438\u0442\u043e\u0440\u0441\u043a\u0438 \u043f\u0430\u0440\u0442\u043d\u044c\u043e\u0440\u0438<\/li>\n\n\n\n<li>\u0414\u044a\u0440\u0436\u0430\u0432\u043d\u0438 \u043e\u0440\u0433\u0430\u043d\u0438 \u043f\u0440\u0438 \u0437\u0430\u043a\u043e\u043d\u043e\u0432\u043e \u0438\u0437\u0438\u0441\u043a\u0432\u0430\u043d\u0435<br>\u0412\u0441\u0438\u0447\u043a\u0438 \u043f\u0430\u0440\u0442\u043d\u044c\u043e\u0440\u0438 \u0441\u043f\u0430\u0437\u0432\u0430\u0442 GDPR.<\/li>\n<\/ul>\n\n\n\n<p><\/p>\n\n\n\n<p><strong>8. Sus derechos<\/strong><\/p>\n\n\n\n<p>Tiene derecho a:<\/p>\n\n\n\n<ul class=\"wp-block-list translation-block\">\n<li>\u0414\u043e\u0441\u0442\u044a\u043f \u0438 \u043f\u043e\u0442\u0432\u044a\u0440\u0436\u0434\u0435\u043d\u0438\u0435<\/li>\n\n\n\n<li>\u041a\u043e\u0440\u0438\u0433\u0438\u0440\u0430\u043d\u0435 \u0438 \u0438\u0437\u0442\u0440\u0438\u0432\u0430\u043d\u0435 (\u201e\u0434\u0430 \u0431\u044a\u0434\u0435\u0442\u0435 \u0437\u0430\u0431\u0440\u0430\u0432\u0435\u043d\u0438\u201c)<\/li>\n\n\n\n<li>\u041e\u0433\u0440\u0430\u043d\u0438\u0447\u0430\u0432\u0430\u043d\u0435 \u0438 \u043f\u0440\u0435\u043d\u043e\u0441\u0438\u043c\u043e\u0441\u0442<\/li>\n\n\n\n<li>\u0412\u044a\u0437\u0440\u0430\u0436\u0435\u043d\u0438\u0435 \u0441\u0440\u0435\u0449\u0443 \u043e\u0431\u0440\u0430\u0431\u043e\u0442\u043a\u0430<\/li>\n\n\n\n<li>\u0416\u0430\u043b\u0431\u0430 \u0434\u043e \u041a\u0417\u041b\u0414: <a href=\"http:\/\/www.cpdp.bg\">www.cpdp.bg<\/a><\/li>\n<\/ul>\n\n\n\n<p><\/p>\n\n\n\n<p><strong>9. C\u00f3mo protegemos sus datos<\/strong><\/p>\n\n\n\n<p>Aplicamos medidas t\u00e9cnicas y organizativas como:<\/p>\n\n\n\n<ul class=\"wp-block-list translation-block\">\n<li>SSL \u043a\u0440\u0438\u043f\u0442\u0438\u0440\u0430\u043d\u0435<\/li>\n\n\n\n<li>\u041e\u0433\u0440\u0430\u043d\u0438\u0447\u0435\u043d \u0434\u043e\u0441\u0442\u044a\u043f \u0434\u043e \u0430\u0434\u043c\u0438\u043d\u0438\u0441\u0442\u0440\u0430\u0442\u043e\u0440\u0441\u043a\u0438 \u043f\u0430\u043d\u0435\u043b\u0438<\/li>\n\n\n\n<li>\u0420\u0435\u0434\u043e\u0432\u043d\u0430 \u0437\u0430\u0449\u0438\u0442\u0430 \u0441\u0440\u0435\u0449\u0443 \u043d\u0435\u043e\u0442\u043e\u0440\u0438\u0437\u0438\u0440\u0430\u043d \u0434\u043e\u0441\u0442\u044a\u043f<\/li>\n<\/ul>\n\n\n\n<p><\/p>\n\n\n\n<p><strong>10. Cookies<\/strong><\/p>\n\n\n\n<p>Utilizamos cookies para:<\/p>\n\n\n\n<ul class=\"wp-block-list translation-block\">\n<li>\u0424\u0443\u043d\u043a\u0446\u0438\u043e\u043d\u0430\u043b\u043d\u043e\u0441\u0442 \u043d\u0430 \u0438\u043d\u0442\u0435\u0440\u0444\u0435\u0439\u0441\u0430<\/li>\n\n\n\n<li>\u0410\u043d\u0430\u043b\u0438\u0437 \u043d\u0430 \u043f\u043e\u0432\u0435\u0434\u0435\u043d\u0438\u0435\u0442\u043e (\u043d\u0430\u043f\u0440. Google Analytics)<\/li>\n\n\n\n<li>\u041c\u0430\u0440\u043a\u0435\u0442\u0438\u043d\u0433 \u043a\u0430\u043c\u043f\u0430\u043d\u0438\u0438<br>\u041c\u043e\u0436\u0435\u0442\u0435 \u0434\u0430 \u0433\u0438 \u0443\u043f\u0440\u0430\u0432\u043b\u044f\u0432\u0430\u0442\u0435 \u0447\u0440\u0435\u0437 \u043d\u0430\u0441\u0442\u0440\u043e\u0439\u043a\u0438\u0442\u0435 \u043d\u0430 \u0431\u0440\u0430\u0443\u0437\u044a\u0440\u0430 \u0441\u0438.<br>\u0418\u0437\u043f\u043e\u043b\u0437\u0432\u0430\u043c\u0435 \u0441\u0435\u0441\u0438\u0439\u043d\u0438 \u0431\u0438\u0441\u043a\u0432\u0438\u0442\u043a\u0438, \u043a\u043e\u0438\u0442\u043e \u0438\u0437\u0442\u0438\u0447\u0430\u0442 \u0441\u043b\u0435\u0434 \u043f\u0440\u0438\u043a\u043b\u044e\u0447\u0432\u0430\u043d\u0435 \u043d\u0430 \u043f\u043e\u0441\u0435\u0449\u0435\u043d\u0438\u0435\u0442\u043e.<\/li>\n<\/ul>\n\n\n\n<p><\/p>\n\n\n\n<p><strong>11. Formularios de contacto<\/strong><\/p>\n\n\n\n<p>Los datos enviados a trav\u00e9s de formularios o correo electr\u00f3nico se almacenan para responder a su consulta. No se comparten con terceros.<\/p>\n\n\n\n<p><\/p>\n\n\n\n<p><strong>12. Componentes de terceros<\/strong><\/p>\n\n\n\n<p>El sitio incluye componentes de Facebook. Si ha iniciado sesi\u00f3n en Facebook, pueden recibir informaci\u00f3n sobre su actividad en nuestro sitio. M\u00e1s informaci\u00f3n: <a href=\"https:\/\/facebook.com\/about\/privacy\">facebook.com\/about\/privacy<\/a><\/p>\n\n\n\n<p><\/p>\n\n\n\n<p><strong>13. Actualizaciones de la pol\u00edtica<\/strong><\/p>\n\n\n\n<p>Podemos actualizar esta pol\u00edtica. Los cambios se publicar\u00e1n aqu\u00ed y entrar\u00e1n en vigor al momento de su publicaci\u00f3n.<\/p>\n\n\n\n<p><\/p>\n\n\n\n<p><strong>14. Contacto<\/strong><\/p>\n\n\n\n<p>Para consultas sobre sus datos personales:<\/p>\n\n\n\n<ul class=\"wp-block-list\">\n<li>\u2709\ufe0f Correo electr\u00f3nico: <a href=\"javascript:;\">info@scandisleep.bg<\/a><\/li>\n\n\n\n<li>\u260e\ufe0f Tel\u00e9fono: <a href=\"tel:+359893028582\" target=\"_blank\" rel=\"noreferrer noopener\">+359 893 028 582<\/a><\/li>\n\n\n\n<li>\ud83c\udfe2 Direcci\u00f3n: Calle Bacho Kiro 13, Dryanovo, Bulgaria<\/li>\n\n\n\n<li>\ud83d\udcc5 \u00daltima actualizaci\u00f3n: 27 de agosto de 2025<\/li>\n<\/ul>","protected":false},"excerpt":{"rendered":"<p>\u041d\u0430\u0441\u0442\u043e\u044f\u0449\u0430\u0442\u0430 \u043f\u043e\u043b\u0438\u0442\u0438\u043a\u0430 \u043e\u043f\u0438\u0441\u0432\u0430 \u043a\u0430\u043a \u201e\u042e\u0420\u042a\u041f\u0418\u042a\u041d \u0411\u0415\u0414\u0418\u041d\u0413 \u041a\u042a\u041c\u041f\u0410\u041d\u0418\u201c \u0415\u0410\u0414 (\u043d\u0430\u0440\u0438\u0447\u0430\u043d \u043f\u043e-\u0434\u043e\u043b\u0443 \u201e\u0410\u0434\u043c\u0438\u043d\u0438\u0441\u0442\u0440\u0430\u0442\u043e\u0440\u044a\u0442\u201c) \u0441\u044a\u0431\u0438\u0440\u0430, \u0438\u0437\u043f\u043e\u043b\u0437\u0432\u0430, \u0441\u044a\u0445\u0440\u0430\u043d\u044f\u0432\u0430 \u0438 \u0437\u0430\u0449\u0438\u0442\u0430\u0432\u0430 \u0412\u0430\u0448\u0438\u0442\u0435 \u043b\u0438\u0447\u043d\u0438 \u0434\u0430\u043d\u043d\u0438 \u043f\u0440\u0438 \u0438\u0437\u043f\u043e\u043b\u0437\u0432\u0430\u043d\u0435 \u043d\u0430 \u0441\u0430\u0439\u0442\u0430 scandisleep.bg. 1. \u041a\u043e\u0438 \u0441\u043c\u0435 \u043d\u0438\u0435 \u0410\u0434\u043c\u0438\u043d\u0438\u0441\u0442\u0440\u0430\u0442\u043e\u0440 \u043d\u0430 \u043b\u0438\u0447\u043d\u0438\u0442\u0435 \u0412\u0438 \u0434\u0430\u043d\u043d\u0438 \u0435 \u201e\u042e\u0420\u042a\u041f\u0418\u042a\u041d \u0411\u0415\u0414\u0418\u041d\u0413 \u041a\u042a\u041c\u041f\u0410\u041d\u0418\u201c \u0415\u0410\u0414, \u0415\u0418\u041a: 200354168, \u0441\u044a\u0441 \u0441\u0435\u0434\u0430\u043b\u0438\u0449\u0435: \u0433\u0440. \u0414\u0440\u044f\u043d\u043e\u0432\u043e, \u0443\u043b. \u201e\u0411\u0430\u0447\u043e \u041a\u0438\u0440\u043e\u201c \u211613. 2. \u041a\u0430\u043a\u0432\u0438 \u0434\u0430\u043d\u043d\u0438 \u0441\u044a\u0431\u0438\u0440\u0430\u043c\u0435 \u041f\u0440\u0438 \u043f\u043e\u0440\u044a\u0447\u043a\u0430 \u0438\u043b\u0438 [&hellip;]<\/p>","protected":false},"author":1,"featured_media":0,"parent":0,"menu_order":0,"comment_status":"closed","ping_status":"closed","template":"","meta":{"_acf_changed":false,"footnotes":""},"class_list":["post-3","page","type-page","status-publish","hentry"],"acf":[],"yoast_head":"<!-- This site is optimized with the Yoast SEO plugin v25.9 - https:\/\/yoast.com\/wordpress\/plugins\/seo\/ -->\r\n<title>\u041f\u043e\u043b\u0438\u0442\u0438\u043a\u0430 \u0437\u0430 \u043f\u043e\u0432\u0435\u0440\u0438\u0442\u0435\u043b\u043d\u043e\u0441\u0442 - Scandisleep<\/title>\r\n<meta name=\"robots\" content=\"index, follow, max-snippet:-1, max-image-preview:large, max-video-preview:-1\" \/>\r\n<link rel=\"canonical\" href=\"https:\/\/scandisleep.bg\/es\/politika-za-poveritelnost\/\" \/>\r\n<meta property=\"og:locale\" content=\"es_ES\" \/>\r\n<meta property=\"og:type\" content=\"article\" \/>\r\n<meta property=\"og:title\" content=\"\u041f\u043e\u043b\u0438\u0442\u0438\u043a\u0430 \u0437\u0430 \u043f\u043e\u0432\u0435\u0440\u0438\u0442\u0435\u043b\u043d\u043e\u0441\u0442 - Scandisleep\" \/>\r\n<meta property=\"og:description\" content=\"\u041d\u0430\u0441\u0442\u043e\u044f\u0449\u0430\u0442\u0430 \u043f\u043e\u043b\u0438\u0442\u0438\u043a\u0430 \u043e\u043f\u0438\u0441\u0432\u0430 \u043a\u0430\u043a \u201e\u042e\u0420\u042a\u041f\u0418\u042a\u041d \u0411\u0415\u0414\u0418\u041d\u0413 \u041a\u042a\u041c\u041f\u0410\u041d\u0418\u201c \u0415\u0410\u0414 (\u043d\u0430\u0440\u0438\u0447\u0430\u043d \u043f\u043e-\u0434\u043e\u043b\u0443 \u201e\u0410\u0434\u043c\u0438\u043d\u0438\u0441\u0442\u0440\u0430\u0442\u043e\u0440\u044a\u0442\u201c) \u0441\u044a\u0431\u0438\u0440\u0430, \u0438\u0437\u043f\u043e\u043b\u0437\u0432\u0430, \u0441\u044a\u0445\u0440\u0430\u043d\u044f\u0432\u0430 \u0438 \u0437\u0430\u0449\u0438\u0442\u0430\u0432\u0430 \u0412\u0430\u0448\u0438\u0442\u0435 \u043b\u0438\u0447\u043d\u0438 \u0434\u0430\u043d\u043d\u0438 \u043f\u0440\u0438 \u0438\u0437\u043f\u043e\u043b\u0437\u0432\u0430\u043d\u0435 \u043d\u0430 \u0441\u0430\u0439\u0442\u0430 scandisleep.bg. 1. \u041a\u043e\u0438 \u0441\u043c\u0435 \u043d\u0438\u0435 \u0410\u0434\u043c\u0438\u043d\u0438\u0441\u0442\u0440\u0430\u0442\u043e\u0440 \u043d\u0430 \u043b\u0438\u0447\u043d\u0438\u0442\u0435 \u0412\u0438 \u0434\u0430\u043d\u043d\u0438 \u0435 \u201e\u042e\u0420\u042a\u041f\u0418\u042a\u041d \u0411\u0415\u0414\u0418\u041d\u0413 \u041a\u042a\u041c\u041f\u0410\u041d\u0418\u201c \u0415\u0410\u0414, \u0415\u0418\u041a: 200354168, \u0441\u044a\u0441 \u0441\u0435\u0434\u0430\u043b\u0438\u0449\u0435: \u0433\u0440. \u0414\u0440\u044f\u043d\u043e\u0432\u043e, \u0443\u043b. \u201e\u0411\u0430\u0447\u043e \u041a\u0438\u0440\u043e\u201c \u211613. 2. \u041a\u0430\u043a\u0432\u0438 \u0434\u0430\u043d\u043d\u0438 \u0441\u044a\u0431\u0438\u0440\u0430\u043c\u0435 \u041f\u0440\u0438 \u043f\u043e\u0440\u044a\u0447\u043a\u0430 \u0438\u043b\u0438 [&hellip;]\" \/>\r\n<meta property=\"og:url\" content=\"https:\/\/scandisleep.bg\/es\/politika-za-poveritelnost\/\" \/>\r\n<meta property=\"og:site_name\" content=\"Scandisleep\" \/>\r\n<meta property=\"article:modified_time\" content=\"2025-09-11T07:30:28+00:00\" \/>\r\n<meta name=\"twitter:card\" content=\"summary_large_image\" \/>\r\n<meta name=\"twitter:label1\" content=\"Est. reading time\" \/>\n\t<meta name=\"twitter:data1\" content=\"3 minutos\" \/>\r\n<script type=\"application\/ld+json\" class=\"yoast-schema-graph\">{\"@context\":\"https:\/\/schema.org\",\"@graph\":[{\"@type\":\"WebPage\",\"@id\":\"https:\/\/scandisleep.bg\/politika-za-poveritelnost\/\",\"url\":\"https:\/\/scandisleep.bg\/politika-za-poveritelnost\/\",\"name\":\"\u041f\u043e\u043b\u0438\u0442\u0438\u043a\u0430 \u0437\u0430 \u043f\u043e\u0432\u0435\u0440\u0438\u0442\u0435\u043b\u043d\u043e\u0441\u0442 - Scandisleep\",\"isPartOf\":{\"@id\":\"https:\/\/scandisleep.bg\/bg\/#website\"},\"datePublished\":\"2024-07-08T08:46:14+00:00\",\"dateModified\":\"2025-09-11T07:30:28+00:00\",\"breadcrumb\":{\"@id\":\"https:\/\/scandisleep.bg\/politika-za-poveritelnost\/#breadcrumb\"},\"inLanguage\":\"es-CR\",\"potentialAction\":[{\"@type\":\"ReadAction\",\"target\":[\"https:\/\/scandisleep.bg\/politika-za-poveritelnost\/\"]}]},{\"@type\":\"BreadcrumbList\",\"@id\":\"https:\/\/scandisleep.bg\/politika-za-poveritelnost\/#breadcrumb\",\"itemListElement\":[{\"@type\":\"ListItem\",\"position\":1,\"name\":\"\u041d\u0430\u0447\u0430\u043b\u043e\",\"item\":\"https:\/\/scandisleep.bg\/\"},{\"@type\":\"ListItem\",\"position\":2,\"name\":\"\u041f\u043e\u043b\u0438\u0442\u0438\u043a\u0430 \u0437\u0430 \u043f\u043e\u0432\u0435\u0440\u0438\u0442\u0435\u043b\u043d\u043e\u0441\u0442\"}]},{\"@type\":\"WebSite\",\"@id\":\"https:\/\/scandisleep.bg\/bg\/#website\",\"url\":\"https:\/\/scandisleep.bg\/bg\/\",\"name\":\"Scandisleep\",\"description\":\"\",\"publisher\":{\"@id\":\"https:\/\/scandisleep.bg\/bg\/#organization\"},\"potentialAction\":[{\"@type\":\"SearchAction\",\"target\":{\"@type\":\"EntryPoint\",\"urlTemplate\":\"https:\/\/scandisleep.bg\/bg\/?s={search_term_string}\"},\"query-input\":{\"@type\":\"PropertyValueSpecification\",\"valueRequired\":true,\"valueName\":\"search_term_string\"}}],\"inLanguage\":\"es-CR\"},{\"@type\":\"Organization\",\"@id\":\"https:\/\/scandisleep.bg\/bg\/#organization\",\"name\":\"Scandisleep\",\"url\":\"https:\/\/scandisleep.bg\/bg\/\",\"logo\":{\"@type\":\"ImageObject\",\"inLanguage\":\"es-CR\",\"@id\":\"https:\/\/scandisleep.bg\/bg\/#\/schema\/logo\/image\/\",\"url\":\"https:\/\/scandisleep.bg\/wp-content\/uploads\/2024\/07\/scandisleep-logo.webp\",\"contentUrl\":\"https:\/\/scandisleep.bg\/wp-content\/uploads\/2024\/07\/scandisleep-logo.webp\",\"width\":209,\"height\":70,\"caption\":\"Scandisleep\"},\"image\":{\"@id\":\"https:\/\/scandisleep.bg\/bg\/#\/schema\/logo\/image\/\"}}]}<\/script>\r\n<!-- \/ Yoast SEO plugin. -->","yoast_head_json":{"title":"\u041f\u043e\u043b\u0438\u0442\u0438\u043a\u0430 \u0437\u0430 \u043f\u043e\u0432\u0435\u0440\u0438\u0442\u0435\u043b\u043d\u043e\u0441\u0442 - Scandisleep","robots":{"index":"index","follow":"follow","max-snippet":"max-snippet:-1","max-image-preview":"max-image-preview:large","max-video-preview":"max-video-preview:-1"},"canonical":"https:\/\/scandisleep.bg\/es\/politika-za-poveritelnost\/","og_locale":"es_ES","og_type":"article","og_title":"\u041f\u043e\u043b\u0438\u0442\u0438\u043a\u0430 \u0437\u0430 \u043f\u043e\u0432\u0435\u0440\u0438\u0442\u0435\u043b\u043d\u043e\u0441\u0442 - Scandisleep","og_description":"\u041d\u0430\u0441\u0442\u043e\u044f\u0449\u0430\u0442\u0430 \u043f\u043e\u043b\u0438\u0442\u0438\u043a\u0430 \u043e\u043f\u0438\u0441\u0432\u0430 \u043a\u0430\u043a \u201e\u042e\u0420\u042a\u041f\u0418\u042a\u041d \u0411\u0415\u0414\u0418\u041d\u0413 \u041a\u042a\u041c\u041f\u0410\u041d\u0418\u201c \u0415\u0410\u0414 (\u043d\u0430\u0440\u0438\u0447\u0430\u043d \u043f\u043e-\u0434\u043e\u043b\u0443 \u201e\u0410\u0434\u043c\u0438\u043d\u0438\u0441\u0442\u0440\u0430\u0442\u043e\u0440\u044a\u0442\u201c) \u0441\u044a\u0431\u0438\u0440\u0430, \u0438\u0437\u043f\u043e\u043b\u0437\u0432\u0430, \u0441\u044a\u0445\u0440\u0430\u043d\u044f\u0432\u0430 \u0438 \u0437\u0430\u0449\u0438\u0442\u0430\u0432\u0430 \u0412\u0430\u0448\u0438\u0442\u0435 \u043b\u0438\u0447\u043d\u0438 \u0434\u0430\u043d\u043d\u0438 \u043f\u0440\u0438 \u0438\u0437\u043f\u043e\u043b\u0437\u0432\u0430\u043d\u0435 \u043d\u0430 \u0441\u0430\u0439\u0442\u0430 scandisleep.bg. 1. \u041a\u043e\u0438 \u0441\u043c\u0435 \u043d\u0438\u0435 \u0410\u0434\u043c\u0438\u043d\u0438\u0441\u0442\u0440\u0430\u0442\u043e\u0440 \u043d\u0430 \u043b\u0438\u0447\u043d\u0438\u0442\u0435 \u0412\u0438 \u0434\u0430\u043d\u043d\u0438 \u0435 \u201e\u042e\u0420\u042a\u041f\u0418\u042a\u041d \u0411\u0415\u0414\u0418\u041d\u0413 \u041a\u042a\u041c\u041f\u0410\u041d\u0418\u201c \u0415\u0410\u0414, \u0415\u0418\u041a: 200354168, \u0441\u044a\u0441 \u0441\u0435\u0434\u0430\u043b\u0438\u0449\u0435: \u0433\u0440. \u0414\u0440\u044f\u043d\u043e\u0432\u043e, \u0443\u043b. \u201e\u0411\u0430\u0447\u043e \u041a\u0438\u0440\u043e\u201c \u211613. 2. \u041a\u0430\u043a\u0432\u0438 \u0434\u0430\u043d\u043d\u0438 \u0441\u044a\u0431\u0438\u0440\u0430\u043c\u0435 \u041f\u0440\u0438 \u043f\u043e\u0440\u044a\u0447\u043a\u0430 \u0438\u043b\u0438 [&hellip;]","og_url":"https:\/\/scandisleep.bg\/es\/politika-za-poveritelnost\/","og_site_name":"Scandisleep","article_modified_time":"2025-09-11T07:30:28+00:00","twitter_card":"summary_large_image","twitter_misc":{"Est. reading time":"3 minutos"},"schema":{"@context":"https:\/\/schema.org","@graph":[{"@type":"WebPage","@id":"https:\/\/scandisleep.bg\/politika-za-poveritelnost\/","url":"https:\/\/scandisleep.bg\/politika-za-poveritelnost\/","name":"\u041f\u043e\u043b\u0438\u0442\u0438\u043a\u0430 \u0437\u0430 \u043f\u043e\u0432\u0435\u0440\u0438\u0442\u0435\u043b\u043d\u043e\u0441\u0442 - Scandisleep","isPartOf":{"@id":"https:\/\/scandisleep.bg\/bg\/#website"},"datePublished":"2024-07-08T08:46:14+00:00","dateModified":"2025-09-11T07:30:28+00:00","breadcrumb":{"@id":"https:\/\/scandisleep.bg\/politika-za-poveritelnost\/#breadcrumb"},"inLanguage":"es-CR","potentialAction":[{"@type":"ReadAction","target":["https:\/\/scandisleep.bg\/politika-za-poveritelnost\/"]}]},{"@type":"BreadcrumbList","@id":"https:\/\/scandisleep.bg\/politika-za-poveritelnost\/#breadcrumb","itemListElement":[{"@type":"ListItem","position":1,"name":"\u041d\u0430\u0447\u0430\u043b\u043e","item":"https:\/\/scandisleep.bg\/"},{"@type":"ListItem","position":2,"name":"\u041f\u043e\u043b\u0438\u0442\u0438\u043a\u0430 \u0437\u0430 \u043f\u043e\u0432\u0435\u0440\u0438\u0442\u0435\u043b\u043d\u043e\u0441\u0442"}]},{"@type":"WebSite","@id":"https:\/\/scandisleep.bg\/bg\/#website","url":"https:\/\/scandisleep.bg\/bg\/","name":"Scandisleep","description":"","publisher":{"@id":"https:\/\/scandisleep.bg\/bg\/#organization"},"potentialAction":[{"@type":"SearchAction","target":{"@type":"EntryPoint","urlTemplate":"https:\/\/scandisleep.bg\/bg\/?s={search_term_string}"},"query-input":{"@type":"PropertyValueSpecification","valueRequired":true,"valueName":"search_term_string"}}],"inLanguage":"es-CR"},{"@type":"Organization","@id":"https:\/\/scandisleep.bg\/bg\/#organization","name":"Scandisleep","url":"https:\/\/scandisleep.bg\/bg\/","logo":{"@type":"ImageObject","inLanguage":"es-CR","@id":"https:\/\/scandisleep.bg\/bg\/#\/schema\/logo\/image\/","url":"https:\/\/scandisleep.bg\/wp-content\/uploads\/2024\/07\/scandisleep-logo.webp","contentUrl":"https:\/\/scandisleep.bg\/wp-content\/uploads\/2024\/07\/scandisleep-logo.webp","width":209,"height":70,"caption":"Scandisleep"},"image":{"@id":"https:\/\/scandisleep.bg\/bg\/#\/schema\/logo\/image\/"}}]}},"_links":{"self":[{"href":"https:\/\/scandisleep.bg\/es\/wp-json\/wp\/v2\/pages\/3","targetHints":{"allow":["GET"]}}],"collection":[{"href":"https:\/\/scandisleep.bg\/es\/wp-json\/wp\/v2\/pages"}],"about":[{"href":"https:\/\/scandisleep.bg\/es\/wp-json\/wp\/v2\/types\/page"}],"author":[{"embeddable":true,"href":"https:\/\/scandisleep.bg\/es\/wp-json\/wp\/v2\/users\/1"}],"replies":[{"embeddable":true,"href":"https:\/\/scandisleep.bg\/es\/wp-json\/wp\/v2\/comments?post=3"}],"version-history":[{"count":11,"href":"https:\/\/scandisleep.bg\/es\/wp-json\/wp\/v2\/pages\/3\/revisions"}],"predecessor-version":[{"id":1165,"href":"https:\/\/scandisleep.bg\/es\/wp-json\/wp\/v2\/pages\/3\/revisions\/1165"}],"wp:attachment":[{"href":"https:\/\/scandisleep.bg\/es\/wp-json\/wp\/v2\/media?parent=3"}],"curies":[{"name":"wp","href":"https:\/\/api.w.org\/{rel}","templated":true}]}}